{"id":28,"date":"2024-10-31T17:13:17","date_gmt":"2024-10-31T21:13:17","guid":{"rendered":"https:\/\/farmingthecity.net\/?page_id=28"},"modified":"2025-01-12T15:07:20","modified_gmt":"2025-01-12T20:07:20","slug":"plinko-bonuses","status":"publish","type":"page","link":"https:\/\/farmingthecity.net\/de\/plinko-bonuses\/","title":{"rendered":"Plinko Game Aktionscodes und Boni 2024"},"content":{"rendered":"<p>Im Bereich des Online-Gamings sind Boni und Promo-Codes wirkungsvolle Instrumente zur Spielergewinnung und -bindung. F\u00fcr Plinko haben diese Anreize einzigartige Eigenschaften, die die Spielmechanik und Attraktivit\u00e4t des Spiels widerspiegeln. Tauchen wir ein in die Welt der Plinko-Boni und untersuchen, wie sie funktionieren, welche Auswirkungen sie auf das Gameplay haben und welche Strategien hinter ihrer Umsetzung stehen.<\/p>\n\n\n\n<div class=\"wp-block-buttons is-content-justification-center is-layout-flex wp-container-core-buttons-is-layout-a89b3969 wp-block-buttons-is-layout-flex\">\n<div class=\"wp-block-button has-custom-width wp-block-button__width-75 has-custom-font-size hvr-grow-shadow is-style-fill has-large-font-size\"><a class=\"wp-block-button__link wp-element-button\" href=\"https:\/\/www.yowillwin.xyz\/c\/e6b0468497a317bc\" style=\"border-radius:0px;padding-top:0;padding-right:0;padding-bottom:0;padding-left:0\">Erhalten Sie Boni und Promocodes<\/a><\/div>\n<\/div>\n\n\n\n<h2 class=\"wp-block-heading\">Plinko-Bonus<\/h2>\n\n\n\n<figure class=\"wp-block-image size-full\"><img loading=\"lazy\" decoding=\"async\" width=\"800\" height=\"600\" src=\"https:\/\/farmingthecity.net\/wp-content\/uploads\/2024\/11\/plinko-with-a-bonus.jpg\" alt=\"Plinko mit Bonus\" class=\"wp-image-137\" title=\"Plinko mit Bonus\" srcset=\"https:\/\/farmingthecity.net\/wp-content\/uploads\/2024\/11\/plinko-with-a-bonus.jpg 800w, https:\/\/farmingthecity.net\/wp-content\/uploads\/2024\/11\/plinko-with-a-bonus-300x225.jpg 300w, https:\/\/farmingthecity.net\/wp-content\/uploads\/2024\/11\/plinko-with-a-bonus-768x576.jpg 768w\" sizes=\"auto, (max-width: 800px) 100vw, 800px\" \/><\/figure>\n\n\n\n<p>Plinko-Boni gibt es in verschiedenen Formen, die jeweils darauf ausgelegt sind, das Spielerlebnis auf bestimmte Weise zu verbessern:<\/p>\n\n\n\n<ul class=\"wp-block-list\">\n<li>Free Drops: Zus\u00e4tzliche Chancen, ohne Einsatz eigener Mittel zu spielen<\/li>\n\n\n\n<li>Einzahlungsboni: Das Casino f\u00fcgt einen Prozentsatz Ihrer Einzahlung als Bonusgeld hinzu<\/li>\n\n\n\n<li>Cashback: Ein Prozentsatz der Verluste, der als Bonusguthaben zur\u00fcckerstattet wird<\/li>\n\n\n\n<li>Multiplikator-Boosts: Vor\u00fcbergehend erh\u00f6hte Auszahlungen bei Gewinnaussch\u00fcttungen<\/li>\n<\/ul>\n\n\n\n<p>Aus Sicht des Spieldesigns dienen diese Boni mehreren Zwecken:<\/p>\n\n\n\n<ul class=\"wp-block-list\">\n<li>Durch kostenlose Drops k\u00f6nnen Spieler den Nervenkitzel von Plinko mit geringerem Risiko erleben und werden m\u00f6glicherweise zum Weiterspielen angeregt.<\/li>\n\n\n\n<li>Durch Einzahlungsboni wird der Hausvorteil f\u00fcr einen bestimmten Zeitraum effektiv gesenkt, sodass die Spieler kurzfristig bessere Chancen haben, im Vorteil zu sein.<\/li>\n\n\n\n<li>Cashback fungiert als Sicherheitsnetz, das Verluste abmildert und zum Weiterspielen anregt.<\/li>\n\n\n\n<li>Multiplikator-Boosts sorgen f\u00fcr Phasen erh\u00f6hter Spannung, in denen die potenziellen Gewinne erh\u00f6ht werden.<\/li>\n\n\n\n<li>Jeder dieser Bonustypen interagiert auf unterschiedliche Weise mit den Kernmechanismen von Plinko und ver\u00e4ndert die Risiko-Ertrags-Kalkulationen, die die Entscheidungen des Spielers beeinflussen.<\/li>\n<\/ul>\n\n\n\n<div class=\"wp-block-buttons is-content-justification-center is-layout-flex wp-container-core-buttons-is-layout-a89b3969 wp-block-buttons-is-layout-flex\">\n<div class=\"wp-block-button has-custom-width wp-block-button__width-75 has-custom-font-size hvr-grow-shadow is-style-fill has-large-font-size\"><a class=\"wp-block-button__link wp-element-button\" href=\"https:\/\/www.yowillwin.xyz\/c\/e6b0468497a317bc\" style=\"border-radius:0px;padding-top:0;padding-right:0;padding-bottom:0;padding-left:0\">Erhalten Sie Boni und Promocodes<\/a><\/div>\n<\/div>\n\n\n\n<h2 class=\"wp-block-heading\">So verwenden Sie den Promo-Code f\u00fcr Plinko in Gro\u00dfbritannien<\/h2>\n\n\n\n<figure class=\"wp-block-image size-full\"><img loading=\"lazy\" decoding=\"async\" width=\"800\" height=\"600\" src=\"https:\/\/farmingthecity.net\/wp-content\/uploads\/2024\/11\/use-promo-code-for-plinko-in-uk.jpg\" alt=\"Verwenden Sie den Promo-Code f\u00fcr Plinko in Gro\u00dfbritannien\" class=\"wp-image-140\" title=\"Verwenden Sie den Promo-Code f\u00fcr Plinko in Gro\u00dfbritannien\" srcset=\"https:\/\/farmingthecity.net\/wp-content\/uploads\/2024\/11\/use-promo-code-for-plinko-in-uk.jpg 800w, https:\/\/farmingthecity.net\/wp-content\/uploads\/2024\/11\/use-promo-code-for-plinko-in-uk-300x225.jpg 300w, https:\/\/farmingthecity.net\/wp-content\/uploads\/2024\/11\/use-promo-code-for-plinko-in-uk-768x576.jpg 768w\" sizes=\"auto, (max-width: 800px) 100vw, 800px\" \/><\/figure>\n\n\n\n<p>Die Verwendung eines Promo-Codes f\u00fcr Plinko umfasst normalerweise die folgenden Schritte:<\/p>\n\n\n\n<ol class=\"wp-block-list\">\n<li>Finden Sie einen g\u00fcltigen Aktionscode aus einer zuverl\u00e4ssigen Quelle<\/li>\n\n\n\n<li>Erstellen Sie ein Konto bei dem Casino, das die Aktion anbietet<\/li>\n\n\n\n<li>Navigieren Sie zum Bereich \u201eAktionen\u201c oder \u201eBoni\u201c<\/li>\n\n\n\n<li>Geben Sie den Aktionscode in das daf\u00fcr vorgesehene Feld ein<\/li>\n\n\n\n<li>F\u00fchren Sie alle erforderlichen Aktionen aus (z. B. eine Einzahlung vornehmen).<\/li>\n\n\n\n<li>Erhalten Sie Ihren Bonus und beginnen Sie, Plinko zu spielen<\/li>\n<\/ol>\n\n\n\n<p>Dieser Prozess ist so konzipiert, dass er unkompliziert ist und Reibungsverluste bei der Spielergewinnung reduziert. Er dient dem Casino jedoch auch mehreren strategischen Zwecken:<\/p>\n\n\n\n<ul class=\"wp-block-list\">\n<li>Mithilfe von Promo-Codes l\u00e4sst sich die Effektivit\u00e4t von Marketingkampagnen verfolgen.<\/li>\n\n\n\n<li>Der manuelle Eingabevorgang stellt sicher, dass die Spieler engagiert sind und in die Aktion investieren.<\/li>\n\n\n\n<li>Mithilfe abgestufter oder exklusiver Promo-Codes k\u00f6nnen Spieler segmentiert und gezielte Anreize geboten werden.<\/li>\n<\/ul>\n\n\n\n<h2 class=\"wp-block-heading\">Nutzungsbedingungen f\u00fcr Boni bei Plinko<\/h2>\n\n\n\n<figure class=\"wp-block-image size-full\"><img loading=\"lazy\" decoding=\"async\" width=\"800\" height=\"600\" src=\"https:\/\/farmingthecity.net\/wp-content\/uploads\/2024\/11\/use-of-bonuses-in-plinko.jpg\" alt=\"Verwendung von Boni in Plinko\" class=\"wp-image-143\" title=\"Verwendung von Boni in Plinko\" srcset=\"https:\/\/farmingthecity.net\/wp-content\/uploads\/2024\/11\/use-of-bonuses-in-plinko.jpg 800w, https:\/\/farmingthecity.net\/wp-content\/uploads\/2024\/11\/use-of-bonuses-in-plinko-300x225.jpg 300w, https:\/\/farmingthecity.net\/wp-content\/uploads\/2024\/11\/use-of-bonuses-in-plinko-768x576.jpg 768w\" sizes=\"auto, (max-width: 800px) 100vw, 800px\" \/><\/figure>\n\n\n\n<p>Die Bonusbedingungen sind ein entscheidender Aspekt der Gestaltung der Spiel\u00f6konomie. Zu den \u00fcblichen Bedingungen f\u00fcr Plinko-Boni geh\u00f6ren:<\/p>\n\n\n\n<ul class=\"wp-block-list\">\n<li>Wettanforderungen: Die Anzahl der Male, die Bonusgelder vor der Auszahlung durchgespielt werden m\u00fcssen<\/li>\n\n\n\n<li>Zeitlimits: Fristen f\u00fcr die Nutzung und Einl\u00f6sung des Bonus<\/li>\n\n\n\n<li>Spielbeschr\u00e4nkungen: Einschr\u00e4nkungen, welche Plinko-Varianten f\u00fcr das Bonusspiel infrage kommen<\/li>\n\n\n\n<li>Maximale Einsatzgr\u00f6\u00dfen: Obergrenzen f\u00fcr den Betrag, der pro Einsatz mit Bonusgeldern eingesetzt werden kann<\/li>\n\n\n\n<li>Auszahlungslimits: Limits f\u00fcr die Gewinne und Auszahlungen aus Bonusspielen<\/li>\n<\/ul>\n\n\n\n<p>Diese Begriffe erf\u00fcllen im \u00d6kosystem des Spiels mehrere Zwecke:<\/p>\n\n\n\n<ul class=\"wp-block-list\">\n<li>Durch die Wettanforderungen wird sichergestellt, dass die Spieler sich intensiv mit dem Spiel besch\u00e4ftigen, bevor sie von Boni profitieren. Dadurch werden die Interessen des Casinos gesch\u00fctzt.<\/li>\n\n\n\n<li>Zeitlimits erzeugen Dringlichkeit und ermutigen zu h\u00e4ufigerem Spielen.<\/li>\n\n\n\n<li>Spielbeschr\u00e4nkungen und Einsatzh\u00f6henbegrenzungen verhindern Bonusmissbrauch und gew\u00e4hrleisten den beabsichtigten Hausvorteil.<\/li>\n\n\n\n<li>Auszahlungsobergrenzen gleichen das Gewinnpotenzial des Spielers mit dem Risiko des Casinos ab.<\/li>\n<\/ul>\n\n\n\n<div class=\"wp-block-buttons is-content-justification-center is-layout-flex wp-container-core-buttons-is-layout-a89b3969 wp-block-buttons-is-layout-flex\">\n<div class=\"wp-block-button has-custom-width wp-block-button__width-75 has-custom-font-size hvr-grow-shadow is-style-fill has-large-font-size\"><a class=\"wp-block-button__link wp-element-button\" href=\"https:\/\/www.yowillwin.xyz\/c\/e6b0468497a317bc\" style=\"border-radius:0px;padding-top:0;padding-right:0;padding-bottom:0;padding-left:0\">Erhalten Sie Boni und Promocodes<\/a><\/div>\n<\/div>\n\n\n\n<h2 class=\"wp-block-heading\">Plinko-Gl\u00fccksspielseiten mit Boni<\/h2>\n\n\n\n<figure class=\"wp-block-image size-full\"><img loading=\"lazy\" decoding=\"async\" width=\"800\" height=\"600\" src=\"https:\/\/farmingthecity.net\/wp-content\/uploads\/2024\/11\/Plinko-sites-with-bonuses.jpg\" alt=\"Plinko-Sites mit Boni\" class=\"wp-image-146\" title=\"Plinko-Sites mit Boni\" srcset=\"https:\/\/farmingthecity.net\/wp-content\/uploads\/2024\/11\/Plinko-sites-with-bonuses.jpg 800w, https:\/\/farmingthecity.net\/wp-content\/uploads\/2024\/11\/Plinko-sites-with-bonuses-300x225.jpg 300w, https:\/\/farmingthecity.net\/wp-content\/uploads\/2024\/11\/Plinko-sites-with-bonuses-768x576.jpg 768w\" sizes=\"auto, (max-width: 800px) 100vw, 800px\" \/><\/figure>\n\n\n\n<p>Viele Online-Casinos bieten Plinko mit entsprechenden Boni an. Beachten Sie bei der Bewertung dieser Websites:<\/p>\n\n\n\n<ul class=\"wp-block-list\">\n<li>Bonusgr\u00f6\u00dfe und -typ: Gr\u00f6\u00dfer ist nicht immer besser; betrachten Sie das Gesamtwertversprechen<\/li>\n\n\n\n<li>Wettanforderungen: Niedriger ist im Allgemeinen spielerfreundlicher<\/li>\n\n\n\n<li>Spielauswahl: Vielfalt in Plinko-Varianten kann den Bonuswert erh\u00f6hen<\/li>\n\n\n\n<li>Ruf und Lizenzierung: Stellen Sie sicher, dass die Site vertrauensw\u00fcrdig und gesetzeskonform ist<\/li>\n<\/ul>\n\n\n\n<p>Aus spieltheoretischer Sicht sollten Spieler analysieren, wie diese Faktoren mit ihrem beabsichtigten Spielstil und ihrer Risikobereitschaft interagieren. Ein massiver Bonus mit strengen Wettanforderungen k\u00f6nnte f\u00fcr einen Vielspieler geeignet sein, w\u00e4hrend ein kleinerer, leichter zug\u00e4nglicher Bonus ideal f\u00fcr Gelegenheitsspieler sein k\u00f6nnte.<\/p>\n\n\n\n<h2 class=\"wp-block-heading\">Plinko-Gl\u00fccksspielseiten mit Bitcoin-Boni<\/h2>\n\n\n\n\n\n<p>Die Schnittmenge aus Plinko, Boni und Kryptow\u00e4hrung schafft eine interessante Gaming-Nische. Bitcoin-Boni f\u00fcr Plinko beinhalten oft:<\/p>\n\n\n\n<ul class=\"wp-block-list\">\n<li>H\u00f6here Bonusprozents\u00e4tze aufgrund niedrigerer Transaktionsgeb\u00fchren<\/li>\n\n\n\n<li>Schnellere Bearbeitungszeiten f\u00fcr Ein- und Auszahlungen<\/li>\n\n\n\n<li>Potenzial f\u00fcr mehr Anonymit\u00e4t<\/li>\n\n\n\n<li>Einzigartige Bonusstrukturen nutzen die Volatilit\u00e4t von Kryptow\u00e4hrungen<\/li>\n<\/ul>\n\n\n\n<p>Diese Eigenschaften verleihen dem Plinko-Erlebnis eine neue Dynamik:<\/p>\n\n\n\n<ul class=\"wp-block-list\">\n<li>Die Geschwindigkeit von Kryptotransaktionen kann den Spielverlauf beschleunigen und so m\u00f6glicherweise die Beteiligung der Spieler erh\u00f6hen.<\/li>\n\n\n\n<li>Anonymit\u00e4tsfunktionen k\u00f6nnen Spieler in Regionen mit restriktiven Gl\u00fccksspielgesetzen anziehen und so die potenzielle Spielerbasis erweitern.<\/li>\n\n\n\n<li>Die Volatilit\u00e4t von Kryptow\u00e4hrungen kann in Bonusstrukturen integriert werden und so f\u00fcr zus\u00e4tzliche Spannung und Risiko sorgen.<\/li>\n<\/ul>\n\n\n\n<h2 class=\"wp-block-heading\">Auszahlungsboni bei Plinko<\/h2>\n\n\n\n<p>Auszahlungsboni bei Plinko stellen eine interessante Abwandlung traditioneller Bonusstrukturen dar. Dazu k\u00f6nnen geh\u00f6ren:<\/p>\n\n\n\n<ul class=\"wp-block-list\">\n<li>Vorzeitige Einl\u00f6sungsm\u00f6glichkeiten f\u00fcr laufende Boni<\/li>\n\n\n\n<li>Teilauszahlungen von Bonusgewinnen vor Erf\u00fcllung der vollst\u00e4ndigen Wettanforderungen<\/li>\n\n\n\n<li>Sofortige Auszahlungsoptionen f\u00fcr bestimmte Erfolge im Spiel<\/li>\n<\/ul>\n\n\n\n<p>Aus Sicht des Spieldesigns dienen Auszahlungsboni mehreren Zwecken:<\/p>\n\n\n\n<ul class=\"wp-block-list\">\n<li>Sie geben den Spielern mehr Kontrolle \u00fcber ihre Bonusgelder und erh\u00f6hen so das Gef\u00fchl von Eigenverantwortung und Engagement.<\/li>\n\n\n\n<li>Fr\u00fchzeitige Einl\u00f6sungsoptionen k\u00f6nnen zu interessanten strategischen Entscheidungen f\u00fchren, da die Spieler unmittelbare Gewinne gegen den potenziellen zuk\u00fcnftigen Wert abw\u00e4gen.<\/li>\n\n\n\n<li>Erfolgsbasierte Auszahlungen gestalten das Bonuserlebnis spielerisch und f\u00f6rdern bestimmte Spielmuster oder Ziele.<\/li>\n<\/ul>\n\n\n\n<div class=\"wp-block-buttons is-content-justification-center is-layout-flex wp-container-core-buttons-is-layout-a89b3969 wp-block-buttons-is-layout-flex\">\n<div class=\"wp-block-button has-custom-width wp-block-button__width-75 has-custom-font-size hvr-grow-shadow is-style-fill has-large-font-size\"><a class=\"wp-block-button__link wp-element-button\" href=\"https:\/\/www.yowillwin.xyz\/c\/e6b0468497a317bc\" style=\"border-radius:0px;padding-top:0;padding-right:0;padding-bottom:0;padding-left:0\">Erhalten Sie Boni und Promocodes<\/a><\/div>\n<\/div>\n\n\n\n<h2 class=\"wp-block-heading\">Wenn Sie Boni ben\u00f6tigen<\/h2>\n\n\n\n<figure class=\"wp-block-image size-full\"><img loading=\"lazy\" decoding=\"async\" width=\"800\" height=\"600\" src=\"https:\/\/farmingthecity.net\/wp-content\/uploads\/2024\/11\/when-you-need-a-bonus.jpg\" alt=\"Wenn Sie einen Bonus brauchen\" class=\"wp-image-149\" title=\"Wenn Sie einen Bonus brauchen\" srcset=\"https:\/\/farmingthecity.net\/wp-content\/uploads\/2024\/11\/when-you-need-a-bonus.jpg 800w, https:\/\/farmingthecity.net\/wp-content\/uploads\/2024\/11\/when-you-need-a-bonus-300x225.jpg 300w, https:\/\/farmingthecity.net\/wp-content\/uploads\/2024\/11\/when-you-need-a-bonus-768x576.jpg 768w\" sizes=\"auto, (max-width: 800px) 100vw, 800px\" \/><\/figure>\n\n\n\n<p>Um den Wert von Boni zu maximieren, m\u00fcssen Sie wissen, wann Sie sie einsetzen sollten. Erw\u00e4gen Sie die Verwendung von Plinko-Boni, wenn:<\/p>\n\n\n\n<ul class=\"wp-block-list\">\n<li>Eine neue Casino- oder Plinko-Variante erkunden<\/li>\n\n\n\n<li>M\u00f6chten Sie Ihre Spielzeit mit einem begrenzten Budget verl\u00e4ngern<\/li>\n\n\n\n<li>Ziel ist die Reduzierung des Gesamtrisikos bei gleichzeitiger Wahrung des Gewinnpotenzials<\/li>\n\n\n\n<li>Teilnahme an Werbeveranstaltungen oder Turnieren<\/li>\n<\/ul>\n\n\n\n<p>Der strategische Einsatz von Boni kann das Spielerlebnis erheblich beeinflussen:<\/p>\n\n\n\n<ul class=\"wp-block-list\">\n<li>Boni k\u00f6nnen als \u201ePuffer\u201c dienen und aggressivere Spielstrategien bei geringerem finanziellen Risiko erm\u00f6glichen.<\/li>\n\n\n\n<li>Sie k\u00f6nnen die M\u00f6glichkeit bieten, mit h\u00f6heren Eins\u00e4tzen zu spielen, als das normale Budget eines Spielers zul\u00e4sst, und so einen Vorgeschmack auf das Spielen im VIP-Stil bieten.<\/li>\n\n\n\n<li>Bei Wettk\u00e4mpfen k\u00f6nnen Boni f\u00fcr Chancengleichheit zwischen Spielern mit unterschiedlich gro\u00dfem Bankkonto sorgen.<\/li>\n<\/ul>\n\n\n\n<h2 class=\"wp-block-heading\">Warum vergeben Casinos Boni?<\/h2>\n\n\n\n<p>Aus Sicht des Casinos dienen Boni mehreren strategischen Zwecken:<\/p>\n\n\n\n<ul class=\"wp-block-list\">\n<li>Spielerakquise: Attraktive Angebote locken neue Kunden<\/li>\n\n\n\n<li>Bindung: Laufende Boni sorgen daf\u00fcr, dass die Spieler engagiert und loyal bleiben<\/li>\n\n\n\n<li>Markendifferenzierung: Einzigartige oder gro\u00dfz\u00fcgige Boni k\u00f6nnen ein Casino von der Konkurrenz abheben<\/li>\n\n\n\n<li>Spiele-Promotion: Boni k\u00f6nnen Spieler zu bestimmten Spielen oder Neuerscheinungen f\u00fchren<\/li>\n\n\n\n<li>Datensammlung: Bonusnutzung liefert wertvolle Einblicke in das Spielerverhalten<\/li>\n<\/ul>\n\n\n\n<p>Im Zusammenhang mit Plinko spielen Boni eine besonders wichtige Rolle:<\/p>\n\n\n\n<ul class=\"wp-block-list\">\n<li>Sie k\u00f6nnen dazu beitragen, die anf\u00e4ngliche Skepsis der Spieler hinsichtlich der Fairness oder des Gewinnpotenzials des Spiels zu \u00fcberwinden.<\/li>\n\n\n\n<li>Boni k\u00f6nnen die dem Plinko-Gameplay innewohnende Volatilit\u00e4t ausgleichen und den Spielern so ein konsistenteres Erlebnis bieten.<\/li>\n\n\n\n<li>Sie erm\u00f6glichen es den Casinos, den effektiven Hausvorteil zu optimieren und so die Rentabilit\u00e4t mit der Zufriedenheit der Spieler in Einklang zu bringen.<\/li>\n<\/ul>\n\n\n\n<p>Zusammenfassend l\u00e4sst sich sagen, dass Plinko-Boni und Promo-Codes eine faszinierende Schnittstelle zwischen Spieldesign, Spielerpsychologie und Gesch\u00e4ftsstrategie darstellen. Sie dienen als leistungsstarke Tools, um das Spielerlebnis zu gestalten, das Verhalten zu beeinflussen und das Engagement f\u00fcr die Kernspielmechanik zu f\u00f6rdern. Als Spieler und Designer kann das Verst\u00e4ndnis der Nuancen dieser Bonussysteme zu fundierteren Entscheidungen und letztendlich zu einem lohnenderen Plinko-Erlebnis f\u00fchren.<\/p>\n\n\n\n<p><\/p>","protected":false},"excerpt":{"rendered":"<p>In der Welt der Online-Spiele sind Boni und Promo-Codes wirkungsvolle Instrumente zur Spielergewinnung und -bindung. Bei Plinko weisen diese Anreize einzigartige Merkmale auf, die die Spielmechanik und den Reiz des Spiels widerspiegeln. Tauchen wir ein in die Welt der Plinko-Boni und untersuchen wir ihre Funktionsweise, ihren Einfluss auf das Gameplay und die dahinterstehenden Strategien.<\/p>","protected":false},"author":1,"featured_media":0,"parent":0,"menu_order":0,"comment_status":"closed","ping_status":"closed","template":"","meta":{"footnotes":""},"class_list":["post-28","page","type-page","status-publish","hentry"],"yoast_head":"<!-- This site is optimized with the Yoast SEO plugin v23.8 - https:\/\/yoast.com\/wordpress\/plugins\/seo\/ -->\n<title>Plinko Bonuses &amp; Promo Codes: Complete Guide 2024<\/title>\n<meta name=\"description\" content=\"Discover everything about Plinko bonuses and promo codes - types of rewards, how to use them, terms and conditions, and Bitcoin bonuses\" \/>\n<meta name=\"robots\" content=\"index, follow, max-snippet:-1, max-image-preview:large, max-video-preview:-1\" \/>\n<link rel=\"canonical\" href=\"https:\/\/farmingthecity.net\/de\/plinko-bonuses\/\" \/>\n<meta property=\"og:locale\" content=\"de_DE\" \/>\n<meta property=\"og:type\" content=\"article\" \/>\n<meta property=\"og:title\" content=\"Plinko Bonuses &amp; Promo Codes: Complete Guide 2024\" \/>\n<meta property=\"og:description\" content=\"Discover everything about Plinko bonuses and promo codes - types of rewards, how to use them, terms and conditions, and Bitcoin bonuses\" \/>\n<meta property=\"og:url\" content=\"https:\/\/farmingthecity.net\/de\/plinko-bonuses\/\" \/>\n<meta property=\"og:site_name\" content=\"Plinko Game\" \/>\n<meta property=\"article:modified_time\" content=\"2025-01-12T20:07:20+00:00\" \/>\n<meta property=\"og:image\" content=\"https:\/\/farmingthecity.net\/wp-content\/uploads\/2024\/11\/plinko-with-a-bonus.jpg\" \/>\n\t<meta property=\"og:image:width\" content=\"800\" \/>\n\t<meta property=\"og:image:height\" content=\"600\" \/>\n\t<meta property=\"og:image:type\" content=\"image\/jpeg\" \/>\n<meta name=\"twitter:card\" content=\"summary_large_image\" \/>\n<meta name=\"twitter:label1\" content=\"Gesch\u00e4tzte Lesezeit\" \/>\n\t<meta name=\"twitter:data1\" content=\"7\u00a0Minuten\" \/>\n<script type=\"application\/ld+json\" class=\"yoast-schema-graph\">{\"@context\":\"https:\/\/schema.org\",\"@graph\":[{\"@type\":\"WebPage\",\"@id\":\"https:\/\/farmingthecity.net\/plinko-bonuses\/\",\"url\":\"https:\/\/farmingthecity.net\/plinko-bonuses\/\",\"name\":\"Plinko Bonuses & Promo Codes: Complete Guide 2024\",\"isPartOf\":{\"@id\":\"https:\/\/farmingthecity.net\/#website\"},\"primaryImageOfPage\":{\"@id\":\"https:\/\/farmingthecity.net\/plinko-bonuses\/#primaryimage\"},\"image\":{\"@id\":\"https:\/\/farmingthecity.net\/plinko-bonuses\/#primaryimage\"},\"thumbnailUrl\":\"https:\/\/farmingthecity.net\/wp-content\/uploads\/2024\/11\/plinko-with-a-bonus.jpg\",\"datePublished\":\"2024-10-31T21:13:17+00:00\",\"dateModified\":\"2025-01-12T20:07:20+00:00\",\"description\":\"Discover everything about Plinko bonuses and promo codes - types of rewards, how to use them, terms and conditions, and Bitcoin bonuses\",\"breadcrumb\":{\"@id\":\"https:\/\/farmingthecity.net\/plinko-bonuses\/#breadcrumb\"},\"inLanguage\":\"de\",\"potentialAction\":[{\"@type\":\"ReadAction\",\"target\":[\"https:\/\/farmingthecity.net\/plinko-bonuses\/\"]}]},{\"@type\":\"ImageObject\",\"inLanguage\":\"de\",\"@id\":\"https:\/\/farmingthecity.net\/plinko-bonuses\/#primaryimage\",\"url\":\"https:\/\/farmingthecity.net\/wp-content\/uploads\/2024\/11\/plinko-with-a-bonus.jpg\",\"contentUrl\":\"https:\/\/farmingthecity.net\/wp-content\/uploads\/2024\/11\/plinko-with-a-bonus.jpg\"},{\"@type\":\"BreadcrumbList\",\"@id\":\"https:\/\/farmingthecity.net\/plinko-bonuses\/#breadcrumb\",\"itemListElement\":[{\"@type\":\"ListItem\",\"position\":1,\"name\":\"Home\",\"item\":\"https:\/\/farmingthecity.net\/\"},{\"@type\":\"ListItem\",\"position\":2,\"name\":\"Plinko Game Promo Codes and Bonuses 2024\"}]},{\"@type\":\"WebSite\",\"@id\":\"https:\/\/farmingthecity.net\/#website\",\"url\":\"https:\/\/farmingthecity.net\/\",\"name\":\"Plinko Game\",\"description\":\"\",\"publisher\":{\"@id\":\"https:\/\/farmingthecity.net\/#organization\"},\"potentialAction\":[{\"@type\":\"SearchAction\",\"target\":{\"@type\":\"EntryPoint\",\"urlTemplate\":\"https:\/\/farmingthecity.net\/?s={search_term_string}\"},\"query-input\":{\"@type\":\"PropertyValueSpecification\",\"valueRequired\":true,\"valueName\":\"search_term_string\"}}],\"inLanguage\":\"de\"},{\"@type\":\"Organization\",\"@id\":\"https:\/\/farmingthecity.net\/#organization\",\"name\":\"Plinko Game\",\"url\":\"https:\/\/farmingthecity.net\/\",\"logo\":{\"@type\":\"ImageObject\",\"inLanguage\":\"de\",\"@id\":\"https:\/\/farmingthecity.net\/#\/schema\/logo\/image\/\",\"url\":\"https:\/\/farmingthecity.net\/wp-content\/uploads\/2024\/11\/Plinko-online-game.jpg\",\"contentUrl\":\"https:\/\/farmingthecity.net\/wp-content\/uploads\/2024\/11\/Plinko-online-game.jpg\",\"width\":1280,\"height\":799,\"caption\":\"Plinko Game\"},\"image\":{\"@id\":\"https:\/\/farmingthecity.net\/#\/schema\/logo\/image\/\"}}]}<\/script>\n<!-- \/ Yoast SEO plugin. -->","yoast_head_json":{"title":"Plinko Bonuses & Promo Codes: Complete Guide 2024","description":"Discover everything about Plinko bonuses and promo codes - types of rewards, how to use them, terms and conditions, and Bitcoin bonuses","robots":{"index":"index","follow":"follow","max-snippet":"max-snippet:-1","max-image-preview":"max-image-preview:large","max-video-preview":"max-video-preview:-1"},"canonical":"https:\/\/farmingthecity.net\/de\/plinko-bonuses\/","og_locale":"de_DE","og_type":"article","og_title":"Plinko Bonuses & Promo Codes: Complete Guide 2024","og_description":"Discover everything about Plinko bonuses and promo codes - types of rewards, how to use them, terms and conditions, and Bitcoin bonuses","og_url":"https:\/\/farmingthecity.net\/de\/plinko-bonuses\/","og_site_name":"Plinko Game","article_modified_time":"2025-01-12T20:07:20+00:00","og_image":[{"width":800,"height":600,"url":"https:\/\/farmingthecity.net\/wp-content\/uploads\/2024\/11\/plinko-with-a-bonus.jpg","type":"image\/jpeg"}],"twitter_card":"summary_large_image","twitter_misc":{"Gesch\u00e4tzte Lesezeit":"7\u00a0Minuten"},"schema":{"@context":"https:\/\/schema.org","@graph":[{"@type":"WebPage","@id":"https:\/\/farmingthecity.net\/plinko-bonuses\/","url":"https:\/\/farmingthecity.net\/plinko-bonuses\/","name":"Plinko Bonuses & Promo Codes: Complete Guide 2024","isPartOf":{"@id":"https:\/\/farmingthecity.net\/#website"},"primaryImageOfPage":{"@id":"https:\/\/farmingthecity.net\/plinko-bonuses\/#primaryimage"},"image":{"@id":"https:\/\/farmingthecity.net\/plinko-bonuses\/#primaryimage"},"thumbnailUrl":"https:\/\/farmingthecity.net\/wp-content\/uploads\/2024\/11\/plinko-with-a-bonus.jpg","datePublished":"2024-10-31T21:13:17+00:00","dateModified":"2025-01-12T20:07:20+00:00","description":"Discover everything about Plinko bonuses and promo codes - types of rewards, how to use them, terms and conditions, and Bitcoin bonuses","breadcrumb":{"@id":"https:\/\/farmingthecity.net\/plinko-bonuses\/#breadcrumb"},"inLanguage":"de","potentialAction":[{"@type":"ReadAction","target":["https:\/\/farmingthecity.net\/plinko-bonuses\/"]}]},{"@type":"ImageObject","inLanguage":"de","@id":"https:\/\/farmingthecity.net\/plinko-bonuses\/#primaryimage","url":"https:\/\/farmingthecity.net\/wp-content\/uploads\/2024\/11\/plinko-with-a-bonus.jpg","contentUrl":"https:\/\/farmingthecity.net\/wp-content\/uploads\/2024\/11\/plinko-with-a-bonus.jpg"},{"@type":"BreadcrumbList","@id":"https:\/\/farmingthecity.net\/plinko-bonuses\/#breadcrumb","itemListElement":[{"@type":"ListItem","position":1,"name":"Home","item":"https:\/\/farmingthecity.net\/"},{"@type":"ListItem","position":2,"name":"Plinko Game Promo Codes and Bonuses 2024"}]},{"@type":"WebSite","@id":"https:\/\/farmingthecity.net\/#website","url":"https:\/\/farmingthecity.net\/","name":"Plinko Game","description":"","publisher":{"@id":"https:\/\/farmingthecity.net\/#organization"},"potentialAction":[{"@type":"SearchAction","target":{"@type":"EntryPoint","urlTemplate":"https:\/\/farmingthecity.net\/?s={search_term_string}"},"query-input":{"@type":"PropertyValueSpecification","valueRequired":true,"valueName":"search_term_string"}}],"inLanguage":"de"},{"@type":"Organization","@id":"https:\/\/farmingthecity.net\/#organization","name":"Plinko Game","url":"https:\/\/farmingthecity.net\/","logo":{"@type":"ImageObject","inLanguage":"de","@id":"https:\/\/farmingthecity.net\/#\/schema\/logo\/image\/","url":"https:\/\/farmingthecity.net\/wp-content\/uploads\/2024\/11\/Plinko-online-game.jpg","contentUrl":"https:\/\/farmingthecity.net\/wp-content\/uploads\/2024\/11\/Plinko-online-game.jpg","width":1280,"height":799,"caption":"Plinko Game"},"image":{"@id":"https:\/\/farmingthecity.net\/#\/schema\/logo\/image\/"}}]}},"_links":{"self":[{"href":"https:\/\/farmingthecity.net\/de\/wp-json\/wp\/v2\/pages\/28","targetHints":{"allow":["GET"]}}],"collection":[{"href":"https:\/\/farmingthecity.net\/de\/wp-json\/wp\/v2\/pages"}],"about":[{"href":"https:\/\/farmingthecity.net\/de\/wp-json\/wp\/v2\/types\/page"}],"author":[{"embeddable":true,"href":"https:\/\/farmingthecity.net\/de\/wp-json\/wp\/v2\/users\/1"}],"replies":[{"embeddable":true,"href":"https:\/\/farmingthecity.net\/de\/wp-json\/wp\/v2\/comments?post=28"}],"version-history":[{"count":15,"href":"https:\/\/farmingthecity.net\/de\/wp-json\/wp\/v2\/pages\/28\/revisions"}],"predecessor-version":[{"id":235,"href":"https:\/\/farmingthecity.net\/de\/wp-json\/wp\/v2\/pages\/28\/revisions\/235"}],"wp:attachment":[{"href":"https:\/\/farmingthecity.net\/de\/wp-json\/wp\/v2\/media?parent=28"}],"curies":[{"name":"wp","href":"https:\/\/api.w.org\/{rel}","templated":true}]}}