{"id":30,"date":"2024-10-31T17:14:28","date_gmt":"2024-10-31T21:14:28","guid":{"rendered":"https:\/\/farmingthecity.net\/?page_id=30"},"modified":"2025-01-12T15:08:17","modified_gmt":"2025-01-12T20:08:17","slug":"plinko-strategy","status":"publish","type":"page","link":"https:\/\/farmingthecity.net\/it\/plinko-strategy\/","title":{"rendered":"Strategie a basso, medio e alto rischio in Plinko"},"content":{"rendered":"<p>Plinko, nonostante la sua apparente semplicit\u00e0, offre un ricco panorama per il gioco strategico. Le meccaniche di base del gioco, ovvero un disco che cade attraverso un campo di pioli, creano uno spazio di probabilit\u00e0 che i giocatori possono tentare di esplorare attraverso vari approcci di gestione del rischio. Esploriamo come diversi livelli di rischio possono essere applicati al gameplay di Plinko e cosa significa ogni approccio per l&#039;esperienza del giocatore.<\/p>\n\n\n\n<div class=\"wp-block-buttons is-content-justification-center is-layout-flex wp-container-core-buttons-is-layout-a89b3969 wp-block-buttons-is-layout-flex\">\n<div class=\"wp-block-button has-custom-width wp-block-button__width-50 has-custom-font-size hvr-grow-shadow has-large-font-size\"><a class=\"wp-block-button__link wp-element-button\" href=\"https:\/\/www.yowillwin.xyz\/c\/e6b0468497a317bc\" style=\"border-radius:0px\">Gioca a Plinko<\/a><\/div>\n<\/div>\n\n\n\n<h2 class=\"wp-block-heading\">Strategia a basso rischio per Plinko<\/h2>\n\n\n\n<figure class=\"wp-block-image size-full\"><img loading=\"lazy\" decoding=\"async\" width=\"800\" height=\"600\" src=\"https:\/\/farmingthecity.net\/wp-content\/uploads\/2024\/11\/low-risk-strategy.jpg\" alt=\"Strategia a basso rischio Plinko\" class=\"wp-image-152\" title=\"Strategia a basso rischio Plinko\" srcset=\"https:\/\/farmingthecity.net\/wp-content\/uploads\/2024\/11\/low-risk-strategy.jpg 800w, https:\/\/farmingthecity.net\/wp-content\/uploads\/2024\/11\/low-risk-strategy-300x225.jpg 300w, https:\/\/farmingthecity.net\/wp-content\/uploads\/2024\/11\/low-risk-strategy-768x576.jpg 768w\" sizes=\"auto, (max-width: 800px) 100vw, 800px\" \/><\/figure>\n\n\n\n<p>Una strategia a basso rischio in Plinko mira a massimizzare il tempo di gioco riducendo al minimo le grandi perdite. Gli elementi chiave di questo approccio includono:<\/p>\n\n\n\n<ul class=\"wp-block-list\">\n<li>Concentrandosi sulle zone di rilascio esterne<\/li>\n\n\n\n<li>Dimensioni delle scommesse pi\u00f9 piccole e coerenti<\/li>\n\n\n\n<li>Puntare a moltiplicatori di vincita moderati<\/li>\n\n\n\n<li>Impostazione di limiti di perdita rigorosi<\/li>\n<\/ul>\n\n\n\n<p>Dal punto di vista della teoria dei giochi, questa strategia sfrutta diversi concetti chiave:<\/p>\n\n\n\n<p>Le zone di rilascio esterne offrono in genere risultati pi\u00f9 prevedibili, poich\u00e9 il disco ha meno pioli con cui interagire. Ci\u00f2 riduce la volatilit\u00e0 ma limita anche i potenziali pagamenti elevati.<\/p>\n\n\n\n<p>Le puntate pi\u00f9 piccole consentono sessioni di gioco pi\u00f9 lunghe, dando al giocatore pi\u00f9 opportunit\u00e0 di sperimentare il ciclo di gioco principale. Ci\u00f2 pu\u00f2 essere particolarmente soddisfacente per i giocatori che apprezzano il feedback visivo e uditivo del disco che cade.<\/p>\n\n\n\n<p>Gli obiettivi di pagamento moderati bilanciano l&#039;emozione della vittoria con il desiderio di costanza. Ci\u00f2 crea un&#039;esperienza emotiva pi\u00f9 stabile, con meno alti o bassi estremi.<\/p>\n\n\n\n<p>Limiti di perdita rigorosi fungono da salvaguardia contro l&#039;errore del giocatore, impedendo ai giocatori di rincorrere le perdite e di cadere potenzialmente in schemi di gioco problematici.<\/p>\n\n\n\n<p>Questo approccio a basso rischio \u00e8 adatto ai nuovi giocatori o a coloro che danno priorit\u00e0 al valore dell&#039;intrattenimento rispetto al potenziale di profitto. Consente una curva di apprendimento pi\u00f9 graduale e un&#039;esperienza di gioco pi\u00f9 rilassata.<\/p>\n\n\n\n<div class=\"wp-block-buttons is-content-justification-center is-layout-flex wp-container-core-buttons-is-layout-a89b3969 wp-block-buttons-is-layout-flex\">\n<div class=\"wp-block-button has-custom-width wp-block-button__width-50 has-custom-font-size hvr-grow-shadow has-large-font-size\"><a class=\"wp-block-button__link wp-element-button\" href=\"https:\/\/www.yowillwin.xyz\/c\/e6b0468497a317bc\" style=\"border-radius:0px\">Gioca a Plinko<\/a><\/div>\n<\/div>\n\n\n\n<h2 class=\"wp-block-heading\">Strategia a medio rischio per Plinko<\/h2>\n\n\n\n<figure class=\"wp-block-image size-full\"><img loading=\"lazy\" decoding=\"async\" width=\"800\" height=\"600\" src=\"https:\/\/farmingthecity.net\/wp-content\/uploads\/2024\/11\/medium-risk-strategy.jpg\" alt=\"Strategia di rischio medio Plinko\" class=\"wp-image-155\" title=\"Strategia di rischio medio Plinko\" srcset=\"https:\/\/farmingthecity.net\/wp-content\/uploads\/2024\/11\/medium-risk-strategy.jpg 800w, https:\/\/farmingthecity.net\/wp-content\/uploads\/2024\/11\/medium-risk-strategy-300x225.jpg 300w, https:\/\/farmingthecity.net\/wp-content\/uploads\/2024\/11\/medium-risk-strategy-768x576.jpg 768w\" sizes=\"auto, (max-width: 800px) 100vw, 800px\" \/><\/figure>\n\n\n\n<p>Una strategia Plinko a rischio medio cerca di bilanciare il potenziale per vincite significative con una certa cautela. Questo approccio potrebbe includere:<\/p>\n\n\n\n<ul class=\"wp-block-list\">\n<li>Alternanza tra zone di rilascio centrali ed esterne<\/li>\n\n\n\n<li>Aumentare gradualmente le dimensioni delle scommesse durante le serie vincenti<\/li>\n\n\n\n<li>Puntando a un mix di moltiplicatori di vincita moderati e alti<\/li>\n\n\n\n<li>Implementazione di un sistema stop-loss con una certa flessibilit\u00e0<\/li>\n<\/ul>\n\n\n\n<p>Questa strategia interagisce con le meccaniche di Plinko in modi interessanti:<\/p>\n\n\n\n<p>L&#039;alternanza delle zone di rilascio crea un&#039;esperienza di gioco varia, mantenendo il gioco coinvolgente pur consentendo un certo grado di prevedibilit\u00e0. Questa variabilit\u00e0 si adatta bene ai sistemi di ricompensa del cervello umano, creando un senso di novit\u00e0 e anticipazione.<\/p>\n\n\n\n<p>Aumentare le puntate durante le serie vincenti \u00e8 un tentativo di capitalizzare le percepite &quot;serie vincenti&quot;. Sebbene ci\u00f2 non influisca sulle probabilit\u00e0 sottostanti, pu\u00f2 aumentare l&#039;emozione psicologica di una serie fortunata.<\/p>\n\n\n\n<p>Mescolare gli obiettivi di pagamento consente ai giocatori di sperimentare sia il rafforzamento costante di vincite pi\u00f9 piccole sia l&#039;eccitazione di grandi vincite occasionali. Ci\u00f2 crea un viaggio emotivo pi\u00f9 dinamico durante la sessione di gioco.<\/p>\n\n\n\n<p>Un sistema stop-loss flessibile riconosce il ruolo dell&#039;intuizione e del &quot;sentimento&quot; nel gioco d&#039;azzardo, fornendo comunque una rete di sicurezza contro perdite sostanziali.<\/p>\n\n\n\n<p>Le strategie a rischio medio sono adatte ai giocatori con un po&#039; di esperienza, che si trovano a loro agio con una volatilit\u00e0 pi\u00f9 elevata in cambio di un potenziale di vincita maggiore. Offrono un&#039;esperienza di gioco pi\u00f9 dinamica, pur mantenendo alcuni principi di gestione del rischio.<\/p>\n\n\n\n<h2 class=\"wp-block-heading\">Strategia ad alto rischio per Plinko<\/h2>\n\n\n\n<figure class=\"wp-block-image size-full\"><img loading=\"lazy\" decoding=\"async\" width=\"800\" height=\"600\" src=\"https:\/\/farmingthecity.net\/wp-content\/uploads\/2024\/11\/high-risk-strategy.jpg\" alt=\"Strategia ad alto rischio Plinko\" class=\"wp-image-158\" title=\"Strategia ad alto rischio Plinko\" srcset=\"https:\/\/farmingthecity.net\/wp-content\/uploads\/2024\/11\/high-risk-strategy.jpg 800w, https:\/\/farmingthecity.net\/wp-content\/uploads\/2024\/11\/high-risk-strategy-300x225.jpg 300w, https:\/\/farmingthecity.net\/wp-content\/uploads\/2024\/11\/high-risk-strategy-768x576.jpg 768w\" sizes=\"auto, (max-width: 800px) 100vw, 800px\" \/><\/figure>\n\n\n\n<p>Il gioco Plinko ad alto rischio mira a massimizzare il potenziale per grandi vincite, accettando la maggiore possibilit\u00e0 di perdite significative. Gli elementi di questa strategia potrebbero includere:<\/p>\n\n\n\n<ul class=\"wp-block-list\">\n<li>Concentrandosi sulle zone di rilascio centrali<\/li>\n\n\n\n<li>Dimensioni delle scommesse pi\u00f9 grandi<\/li>\n\n\n\n<li>Puntare a moltiplicatori di vincita elevati e massimi<\/li>\n\n\n\n<li>Limiti minimi o nulli di stop-loss<\/li>\n<\/ul>\n\n\n\n<p>Questo approccio interagisce con il design di Plinko in diversi modi chiave:<\/p>\n\n\n\n<p>Le zone di rilascio centrali offrono i potenziali pagamenti pi\u00f9 alti, ma anche i risultati pi\u00f9 imprevedibili. Ci\u00f2 massimizza la volatilit\u00e0 intrinseca del gioco, creando un&#039;esperienza ad alto rischio e carica di emozioni.<\/p>\n\n\n\n<p>Le puntate pi\u00f9 grandi amplificano sia le vincite che le perdite, intensificando l&#039;impatto emotivo di ogni drop. Questo pu\u00f2 creare un&#039;esperienza di gioco pi\u00f9 viscerale e adrenalinica.<\/p>\n\n\n\n<p>Concentrarsi su moltiplicatori elevati significa accettare lunghi periodi di perdite nel tentativo di ottenere una grande vincita. Ci\u00f2 rientra nella mentalit\u00e0 del &quot;jackpot&quot;, in cui l&#039;anticipazione di una potenziale grande vincita spinge a un impegno continuo.<\/p>\n\n\n\n<p>Limiti minimi di stop-loss consentono sequenze di &quot;inseguimento&quot; estese, in cui i giocatori possono continuare a giocare durante i downswing nella speranza di un&#039;inversione di tendenza. Sebbene potenzialmente eccitante, questo comporta anche il rischio pi\u00f9 elevato di schemi di gioco problematici.<\/p>\n\n\n\n<p>Le strategie ad alto rischio sono pi\u00f9 adatte ai giocatori esperti con bankroll pi\u00f9 grandi e un&#039;elevata tolleranza alla volatilit\u00e0. Offrono il potenziale per vincite emozionanti ma richiedono un&#039;attenta gestione del bankroll e autocontrollo per evitare perdite eccessive.<\/p>\n\n\n\n<h2 class=\"wp-block-heading\">Domande frequenti sulle strategie di gioco<\/h2>\n\n\n\n<figure class=\"wp-block-image size-full\"><img loading=\"lazy\" decoding=\"async\" width=\"800\" height=\"600\" src=\"https:\/\/farmingthecity.net\/wp-content\/uploads\/2024\/11\/game-strategy-questions.jpg\" alt=\"domande sulla strategia di gioco\" class=\"wp-image-161\" title=\"domande sulla strategia di gioco\" srcset=\"https:\/\/farmingthecity.net\/wp-content\/uploads\/2024\/11\/game-strategy-questions.jpg 800w, https:\/\/farmingthecity.net\/wp-content\/uploads\/2024\/11\/game-strategy-questions-300x225.jpg 300w, https:\/\/farmingthecity.net\/wp-content\/uploads\/2024\/11\/game-strategy-questions-768x576.jpg 768w\" sizes=\"auto, (max-width: 800px) 100vw, 800px\" \/><\/figure>\n\n\n\n<h3 class=\"wp-block-heading\">Qual \u00e8 la strategia giusta per i principianti di Plinko?<\/h3>\n\n\n\n<p>Per i principianti, in genere si consiglia una strategia a basso o medio rischio. Ci\u00f2 potrebbe comportare:<\/p>\n\n\n\n<ul class=\"wp-block-list\">\n<li>Iniziare con la puntata minima per apprendere le meccaniche di gioco<\/li>\n\n\n\n<li>Concentrarsi sulle zone di rilascio esterne per risultati pi\u00f9 prevedibili<\/li>\n\n\n\n<li>Impostare limiti rigorosi di tempo e denaro per le sessioni di gioco<\/li>\n\n\n\n<li>Esplorare gradualmente diversi livelli di rischio man mano che aumenta il livello di comfort con il gioco<\/li>\n<\/ul>\n\n\n\n<p>Questo approccio consente ai nuovi giocatori di sperimentare il ciclo di gioco principale e i ritmi emozionali di Plinko senza rischiare perdite significative. Fornisce una base per comprendere lo spazio di probabilit\u00e0 del gioco e come diverse strategie si percepiscono nella pratica.<\/p>\n\n\n\n<h3 class=\"wp-block-heading\">Esiste una strategia che garantisce la vittoria a Plinko?<\/h3>\n\n\n\n<p>Nessuna strategia pu\u00f2 garantire vittorie costanti a Plinko. Le meccaniche di base del gioco assicurano che ogni drop sia un evento indipendente con probabilit\u00e0 fisse. Tuttavia, alcuni approcci possono aiutare a gestire il rischio e potenzialmente estendere il tempo di gioco:<\/p>\n\n\n\n<ul class=\"wp-block-list\">\n<li>Corretta gestione del bankroll<\/li>\n\n\n\n<li>Comprendere e rispettare il margine della casa intrinseco del gioco<\/li>\n\n\n\n<li>Utilizzare bonus e promozioni per aumentare il valore complessivo atteso<\/li>\n\n\n\n<li>Impostazione e rispetto dei limiti predefiniti di vincita e perdita<\/li>\n<\/ul>\n\n\n\n<p>\u00c8 fondamentale ricordare che Plinko, come tutti i giochi da casin\u00f2, \u00e8 progettato con un vantaggio della casa incorporato. Mentre sono possibili vincite a breve termine, le probabilit\u00e0 sono sempre a favore della casa nel lungo periodo.<\/p>\n\n\n\n<h3 class=\"wp-block-heading\">A quali vincite \u00e8 consigliabile interrompere il gioco?<\/h3>\n\n\n\n<p>La decisione di smettere di giocare \u00e8 altamente personale e dipende dagli obiettivi individuali e dalla tolleranza al rischio. Tuttavia, alcune linee guida generali possono aiutare a informare questa decisione:<\/p>\n\n\n\n<ul class=\"wp-block-list\">\n<li>Stabilisci un obiettivo di vincita prima di iniziare a giocare, ad esempio 50% o 100% di profitto sul tuo bankroll iniziale<\/li>\n\n\n\n<li>Si consideri l\u2019implementazione di un sistema \u201csplit\u201d, in cui met\u00e0 di ogni vincita significativa viene accantonata<\/li>\n\n\n\n<li>Siate consapevoli del concetto di \u201cregressione verso la media\u201d: \u00e8 probabile che le lunghe serie vincenti alla fine si trasformino<\/li>\n\n\n\n<li>Fai attenzione al tuo stato emotivo: se non ti piace pi\u00f9 il gioco, potrebbe essere il momento di smettere<\/li>\n<\/ul>\n\n\n\n<p>Queste linee guida aiutano a creare un approccio strutturato alla gestione delle vincite, bilanciando il desiderio di capitalizzare la buona sorte con l&#039;esigenza di proteggere i profitti.<\/p>\n\n\n\n<h3 class=\"wp-block-heading\">Qual \u00e8 la vincita massima su Plinko?<\/h3>\n\n\n\n<p>La vincita potenziale massima in Plinko varia a seconda dell&#039;implementazione specifica e del casin\u00f2. I fattori che influenzano la vincita massima includono:<\/p>\n\n\n\n<ul class=\"wp-block-list\">\n<li>Il moltiplicatore pi\u00f9 alto disponibile sulla scheda Plinko<\/li>\n\n\n\n<li>La dimensione massima consentita della scommessa<\/li>\n\n\n\n<li>Eventuali limiti imposti dal casin\u00f2 alle vincite singole o giornaliere<\/li>\n<\/ul>\n\n\n\n<p>In genere, le varianti di Plinko ad alto rischio potrebbero offrire moltiplicatori massimi di 1000x o pi\u00f9, il che significa che una puntata massima potrebbe potenzialmente produrre una vincita di 1000 volte tale importo. Tuttavia, \u00e8 importante notare che:<\/p>\n\n\n\n<ul class=\"wp-block-list\">\n<li>La probabilit\u00e0 di raggiungere il moltiplicatore massimo \u00e8 solitamente molto bassa<\/li>\n\n\n\n<li>I casin\u00f2 spesso impongono limiti di vincita per gestire la loro esposizione al rischio<\/li>\n\n\n\n<li>La vera vincita \u201cmassima\u201d potrebbe essere ottenibile solo attraverso una combinazione di vincite del gioco base e funzionalit\u00e0 bonus<\/li>\n<\/ul>\n\n\n\n<p>Comprendere il potenziale di vincita massimo \u00e8 importante per stabilire aspettative realistiche e scegliere una variante di Plinko in linea con i propri obiettivi e la propria tolleranza al rischio.<\/p>\n\n\n\n<p>In conclusione, le strategie Plinko rappresentano un&#039;affascinante intersezione tra teoria della probabilit\u00e0, gestione del rischio e psicologia del giocatore. Comprendendo e applicando diversi livelli di rischio, i giocatori possono personalizzare la loro esperienza Plinko in base alle loro preferenze, al loro bankroll e ai loro obiettivi. Tuttavia, \u00e8 fondamentale affrontare qualsiasi attivit\u00e0 di gioco d&#039;azzardo, incluso Plinko, con una chiara comprensione dei rischi intrinseci e un impegno per un gioco responsabile.<\/p>","protected":false},"excerpt":{"rendered":"<p>Plinko, nonostante la sua apparente semplicit\u00e0, offre un ricco panorama per il gioco strategico. Le meccaniche di base del gioco, ovvero un disco che cade attraverso un campo di pioli, creano uno spazio di probabilit\u00e0 che i giocatori possono tentare di esplorare attraverso vari approcci di gestione del rischio. Esploriamo come diversi livelli di rischio possono essere applicati al gameplay di Plinko e cosa ciascuno [\u2026]<\/p>","protected":false},"author":1,"featured_media":0,"parent":0,"menu_order":0,"comment_status":"closed","ping_status":"closed","template":"","meta":{"footnotes":""},"class_list":["post-30","page","type-page","status-publish","hentry"],"yoast_head":"<!-- This site is optimized with the Yoast SEO plugin v23.8 - https:\/\/yoast.com\/wordpress\/plugins\/seo\/ -->\n<title>Plinko Strategies Guide - Low, Medium &amp; High Risk Play<\/title>\n<meta name=\"description\" content=\"Plinko strategies - explore low, medium, and high-risk approaches, learn best practices for beginners, and discover tips for maximizing your winning potential\" \/>\n<meta name=\"robots\" content=\"index, follow, max-snippet:-1, max-image-preview:large, max-video-preview:-1\" \/>\n<link rel=\"canonical\" href=\"https:\/\/farmingthecity.net\/it\/plinko-strategy\/\" \/>\n<meta property=\"og:locale\" content=\"it_IT\" \/>\n<meta property=\"og:type\" content=\"article\" \/>\n<meta property=\"og:title\" content=\"Plinko Strategies Guide - Low, Medium &amp; High Risk Play\" \/>\n<meta property=\"og:description\" content=\"Plinko strategies - explore low, medium, and high-risk approaches, learn best practices for beginners, and discover tips for maximizing your winning potential\" \/>\n<meta property=\"og:url\" content=\"https:\/\/farmingthecity.net\/it\/plinko-strategy\/\" \/>\n<meta property=\"og:site_name\" content=\"Plinko Game\" \/>\n<meta property=\"article:modified_time\" content=\"2025-01-12T20:08:17+00:00\" \/>\n<meta property=\"og:image\" content=\"https:\/\/farmingthecity.net\/wp-content\/uploads\/2024\/11\/low-risk-strategy.jpg\" \/>\n\t<meta property=\"og:image:width\" content=\"800\" \/>\n\t<meta property=\"og:image:height\" content=\"600\" \/>\n\t<meta property=\"og:image:type\" content=\"image\/jpeg\" \/>\n<meta name=\"twitter:card\" content=\"summary_large_image\" \/>\n<meta name=\"twitter:label1\" content=\"Tempo di lettura stimato\" \/>\n\t<meta name=\"twitter:data1\" content=\"7 minuti\" \/>\n<script type=\"application\/ld+json\" class=\"yoast-schema-graph\">{\"@context\":\"https:\/\/schema.org\",\"@graph\":[{\"@type\":\"WebPage\",\"@id\":\"https:\/\/farmingthecity.net\/plinko-strategy\/\",\"url\":\"https:\/\/farmingthecity.net\/plinko-strategy\/\",\"name\":\"Plinko Strategies Guide - Low, Medium & High Risk Play\",\"isPartOf\":{\"@id\":\"https:\/\/farmingthecity.net\/#website\"},\"primaryImageOfPage\":{\"@id\":\"https:\/\/farmingthecity.net\/plinko-strategy\/#primaryimage\"},\"image\":{\"@id\":\"https:\/\/farmingthecity.net\/plinko-strategy\/#primaryimage\"},\"thumbnailUrl\":\"https:\/\/farmingthecity.net\/wp-content\/uploads\/2024\/11\/low-risk-strategy.jpg\",\"datePublished\":\"2024-10-31T21:14:28+00:00\",\"dateModified\":\"2025-01-12T20:08:17+00:00\",\"description\":\"Plinko strategies - explore low, medium, and high-risk approaches, learn best practices for beginners, and discover tips for maximizing your winning potential\",\"breadcrumb\":{\"@id\":\"https:\/\/farmingthecity.net\/plinko-strategy\/#breadcrumb\"},\"inLanguage\":\"it-IT\",\"potentialAction\":[{\"@type\":\"ReadAction\",\"target\":[\"https:\/\/farmingthecity.net\/plinko-strategy\/\"]}]},{\"@type\":\"ImageObject\",\"inLanguage\":\"it-IT\",\"@id\":\"https:\/\/farmingthecity.net\/plinko-strategy\/#primaryimage\",\"url\":\"https:\/\/farmingthecity.net\/wp-content\/uploads\/2024\/11\/low-risk-strategy.jpg\",\"contentUrl\":\"https:\/\/farmingthecity.net\/wp-content\/uploads\/2024\/11\/low-risk-strategy.jpg\"},{\"@type\":\"BreadcrumbList\",\"@id\":\"https:\/\/farmingthecity.net\/plinko-strategy\/#breadcrumb\",\"itemListElement\":[{\"@type\":\"ListItem\",\"position\":1,\"name\":\"Home\",\"item\":\"https:\/\/farmingthecity.net\/\"},{\"@type\":\"ListItem\",\"position\":2,\"name\":\"Low, Medium and High-Risk Strategies in Plinko\"}]},{\"@type\":\"WebSite\",\"@id\":\"https:\/\/farmingthecity.net\/#website\",\"url\":\"https:\/\/farmingthecity.net\/\",\"name\":\"Plinko Game\",\"description\":\"\",\"publisher\":{\"@id\":\"https:\/\/farmingthecity.net\/#organization\"},\"potentialAction\":[{\"@type\":\"SearchAction\",\"target\":{\"@type\":\"EntryPoint\",\"urlTemplate\":\"https:\/\/farmingthecity.net\/?s={search_term_string}\"},\"query-input\":{\"@type\":\"PropertyValueSpecification\",\"valueRequired\":true,\"valueName\":\"search_term_string\"}}],\"inLanguage\":\"it-IT\"},{\"@type\":\"Organization\",\"@id\":\"https:\/\/farmingthecity.net\/#organization\",\"name\":\"Plinko Game\",\"url\":\"https:\/\/farmingthecity.net\/\",\"logo\":{\"@type\":\"ImageObject\",\"inLanguage\":\"it-IT\",\"@id\":\"https:\/\/farmingthecity.net\/#\/schema\/logo\/image\/\",\"url\":\"https:\/\/farmingthecity.net\/wp-content\/uploads\/2024\/11\/Plinko-online-game.jpg\",\"contentUrl\":\"https:\/\/farmingthecity.net\/wp-content\/uploads\/2024\/11\/Plinko-online-game.jpg\",\"width\":1280,\"height\":799,\"caption\":\"Plinko Game\"},\"image\":{\"@id\":\"https:\/\/farmingthecity.net\/#\/schema\/logo\/image\/\"}}]}<\/script>\n<!-- \/ Yoast SEO plugin. -->","yoast_head_json":{"title":"Plinko Strategies Guide - Low, Medium & High Risk Play","description":"Plinko strategies - explore low, medium, and high-risk approaches, learn best practices for beginners, and discover tips for maximizing your winning potential","robots":{"index":"index","follow":"follow","max-snippet":"max-snippet:-1","max-image-preview":"max-image-preview:large","max-video-preview":"max-video-preview:-1"},"canonical":"https:\/\/farmingthecity.net\/it\/plinko-strategy\/","og_locale":"it_IT","og_type":"article","og_title":"Plinko Strategies Guide - Low, Medium & High Risk Play","og_description":"Plinko strategies - explore low, medium, and high-risk approaches, learn best practices for beginners, and discover tips for maximizing your winning potential","og_url":"https:\/\/farmingthecity.net\/it\/plinko-strategy\/","og_site_name":"Plinko Game","article_modified_time":"2025-01-12T20:08:17+00:00","og_image":[{"width":800,"height":600,"url":"https:\/\/farmingthecity.net\/wp-content\/uploads\/2024\/11\/low-risk-strategy.jpg","type":"image\/jpeg"}],"twitter_card":"summary_large_image","twitter_misc":{"Tempo di lettura stimato":"7 minuti"},"schema":{"@context":"https:\/\/schema.org","@graph":[{"@type":"WebPage","@id":"https:\/\/farmingthecity.net\/plinko-strategy\/","url":"https:\/\/farmingthecity.net\/plinko-strategy\/","name":"Plinko Strategies Guide - Low, Medium & High Risk Play","isPartOf":{"@id":"https:\/\/farmingthecity.net\/#website"},"primaryImageOfPage":{"@id":"https:\/\/farmingthecity.net\/plinko-strategy\/#primaryimage"},"image":{"@id":"https:\/\/farmingthecity.net\/plinko-strategy\/#primaryimage"},"thumbnailUrl":"https:\/\/farmingthecity.net\/wp-content\/uploads\/2024\/11\/low-risk-strategy.jpg","datePublished":"2024-10-31T21:14:28+00:00","dateModified":"2025-01-12T20:08:17+00:00","description":"Plinko strategies - explore low, medium, and high-risk approaches, learn best practices for beginners, and discover tips for maximizing your winning potential","breadcrumb":{"@id":"https:\/\/farmingthecity.net\/plinko-strategy\/#breadcrumb"},"inLanguage":"it-IT","potentialAction":[{"@type":"ReadAction","target":["https:\/\/farmingthecity.net\/plinko-strategy\/"]}]},{"@type":"ImageObject","inLanguage":"it-IT","@id":"https:\/\/farmingthecity.net\/plinko-strategy\/#primaryimage","url":"https:\/\/farmingthecity.net\/wp-content\/uploads\/2024\/11\/low-risk-strategy.jpg","contentUrl":"https:\/\/farmingthecity.net\/wp-content\/uploads\/2024\/11\/low-risk-strategy.jpg"},{"@type":"BreadcrumbList","@id":"https:\/\/farmingthecity.net\/plinko-strategy\/#breadcrumb","itemListElement":[{"@type":"ListItem","position":1,"name":"Home","item":"https:\/\/farmingthecity.net\/"},{"@type":"ListItem","position":2,"name":"Low, Medium and High-Risk Strategies in Plinko"}]},{"@type":"WebSite","@id":"https:\/\/farmingthecity.net\/#website","url":"https:\/\/farmingthecity.net\/","name":"Plinko Game","description":"","publisher":{"@id":"https:\/\/farmingthecity.net\/#organization"},"potentialAction":[{"@type":"SearchAction","target":{"@type":"EntryPoint","urlTemplate":"https:\/\/farmingthecity.net\/?s={search_term_string}"},"query-input":{"@type":"PropertyValueSpecification","valueRequired":true,"valueName":"search_term_string"}}],"inLanguage":"it-IT"},{"@type":"Organization","@id":"https:\/\/farmingthecity.net\/#organization","name":"Plinko Game","url":"https:\/\/farmingthecity.net\/","logo":{"@type":"ImageObject","inLanguage":"it-IT","@id":"https:\/\/farmingthecity.net\/#\/schema\/logo\/image\/","url":"https:\/\/farmingthecity.net\/wp-content\/uploads\/2024\/11\/Plinko-online-game.jpg","contentUrl":"https:\/\/farmingthecity.net\/wp-content\/uploads\/2024\/11\/Plinko-online-game.jpg","width":1280,"height":799,"caption":"Plinko Game"},"image":{"@id":"https:\/\/farmingthecity.net\/#\/schema\/logo\/image\/"}}]}},"_links":{"self":[{"href":"https:\/\/farmingthecity.net\/it\/wp-json\/wp\/v2\/pages\/30","targetHints":{"allow":["GET"]}}],"collection":[{"href":"https:\/\/farmingthecity.net\/it\/wp-json\/wp\/v2\/pages"}],"about":[{"href":"https:\/\/farmingthecity.net\/it\/wp-json\/wp\/v2\/types\/page"}],"author":[{"embeddable":true,"href":"https:\/\/farmingthecity.net\/it\/wp-json\/wp\/v2\/users\/1"}],"replies":[{"embeddable":true,"href":"https:\/\/farmingthecity.net\/it\/wp-json\/wp\/v2\/comments?post=30"}],"version-history":[{"count":9,"href":"https:\/\/farmingthecity.net\/it\/wp-json\/wp\/v2\/pages\/30\/revisions"}],"predecessor-version":[{"id":236,"href":"https:\/\/farmingthecity.net\/it\/wp-json\/wp\/v2\/pages\/30\/revisions\/236"}],"wp:attachment":[{"href":"https:\/\/farmingthecity.net\/it\/wp-json\/wp\/v2\/media?parent=30"}],"curies":[{"name":"wp","href":"https:\/\/api.w.org\/{rel}","templated":true}]}}