{"id":30,"date":"2024-10-31T17:14:28","date_gmt":"2024-10-31T21:14:28","guid":{"rendered":"https:\/\/farmingthecity.net\/?page_id=30"},"modified":"2025-01-12T15:08:17","modified_gmt":"2025-01-12T20:08:17","slug":"plinko-strategy","status":"publish","type":"page","link":"https:\/\/farmingthecity.net\/pl\/plinko-strategy\/","title":{"rendered":"Strategie niskiego, \u015bredniego i wysokiego ryzyka w Plinko"},"content":{"rendered":"<p>Plinko, pomimo pozornej prostoty, oferuje bogaty krajobraz do gry strategicznej. G\u0142\u00f3wne mechanizmy gry \u2013 dysk spadaj\u0105cy przez pole ko\u0142k\u00f3w \u2013 tworz\u0105 przestrze\u0144 prawdopodobie\u0144stwa, w kt\u00f3rej gracze mog\u0105 pr\u00f3bowa\u0107 porusza\u0107 si\u0119 za pomoc\u0105 r\u00f3\u017cnych podej\u015b\u0107 do zarz\u0105dzania ryzykiem. Przyjrzyjmy si\u0119, jak r\u00f3\u017cne poziomy ryzyka mo\u017cna stosowa\u0107 w rozgrywce Plinko i co ka\u017cde podej\u015bcie oznacza dla do\u015bwiadczenia gracza.<\/p>\n\n\n\n<div class=\"wp-block-buttons is-content-justification-center is-layout-flex wp-container-core-buttons-is-layout-a89b3969 wp-block-buttons-is-layout-flex\">\n<div class=\"wp-block-button has-custom-width wp-block-button__width-50 has-custom-font-size hvr-grow-shadow has-large-font-size\"><a class=\"wp-block-button__link wp-element-button\" href=\"https:\/\/www.yowillwin.xyz\/c\/e6b0468497a317bc\" style=\"border-radius:0px\">Zagraj w Plinko<\/a><\/div>\n<\/div>\n\n\n\n<h2 class=\"wp-block-heading\">Strategia niskiego ryzyka dla Plinko<\/h2>\n\n\n\n<figure class=\"wp-block-image size-full\"><img loading=\"lazy\" decoding=\"async\" width=\"800\" height=\"600\" src=\"https:\/\/farmingthecity.net\/wp-content\/uploads\/2024\/11\/low-risk-strategy.jpg\" alt=\"Strategia Plinko o niskim ryzyku\" class=\"wp-image-152\" title=\"Strategia Plinko o niskim ryzyku\" srcset=\"https:\/\/farmingthecity.net\/wp-content\/uploads\/2024\/11\/low-risk-strategy.jpg 800w, https:\/\/farmingthecity.net\/wp-content\/uploads\/2024\/11\/low-risk-strategy-300x225.jpg 300w, https:\/\/farmingthecity.net\/wp-content\/uploads\/2024\/11\/low-risk-strategy-768x576.jpg 768w\" sizes=\"auto, (max-width: 800px) 100vw, 800px\" \/><\/figure>\n\n\n\n<p>Strategia niskiego ryzyka w Plinko ma na celu maksymalizacj\u0119 czasu gry przy jednoczesnym minimalizowaniu du\u017cych strat. Kluczowe elementy tego podej\u015bcia obejmuj\u0105:<\/p>\n\n\n\n<ul class=\"wp-block-list\">\n<li>Skupienie si\u0119 na zewn\u0119trznych strefach zrzutu<\/li>\n\n\n\n<li>Mniejsze, sp\u00f3jne rozmiary zak\u0142ad\u00f3w<\/li>\n\n\n\n<li>Celowanie w umiarkowane mno\u017cniki wyp\u0142at<\/li>\n\n\n\n<li>Ustalanie \u015bcis\u0142ych limit\u00f3w strat<\/li>\n<\/ul>\n\n\n\n<p>Z perspektywy teorii gier strategia ta wykorzystuje kilka kluczowych koncepcji:<\/p>\n\n\n\n<p>Zewn\u0119trzne strefy zrzutu zazwyczaj oferuj\u0105 bardziej przewidywalne wyniki, poniewa\u017c dysk ma mniej ko\u0142k\u00f3w do interakcji. To zmniejsza zmienno\u015b\u0107, ale tak\u017ce ogranicza potencjalnie wysokie wyp\u0142aty.<\/p>\n\n\n\n<p>Mniejsze zak\u0142ady pozwalaj\u0105 na d\u0142u\u017csze sesje gry, daj\u0105c graczowi wi\u0119cej okazji do do\u015bwiadczenia g\u0142\u00f3wnej p\u0119tli rozgrywki. Mo\u017ce to by\u0107 szczeg\u00f3lnie satysfakcjonuj\u0105ce dla graczy, kt\u00f3rzy lubi\u0105 wizualne i s\u0142uchowe sprz\u0119\u017cenie zwrotne spadaj\u0105cego dysku.<\/p>\n\n\n\n<p>Umiarkowane cele wyp\u0142at r\u00f3wnowa\u017c\u0105 dreszczyk emocji zwi\u0105zany z wygran\u0105 z pragnieniem sta\u0142o\u015bci. Tworzy to bardziej stabilne do\u015bwiadczenie emocjonalne, z mniejsz\u0105 liczb\u0105 ekstremalnych wzlot\u00f3w i upadk\u00f3w.<\/p>\n\n\n\n<p>\u015acis\u0142e limity strat dzia\u0142aj\u0105 jako zabezpieczenie przed b\u0142\u0119dnym rozumowaniem hazardzisty, uniemo\u017cliwiaj\u0105c graczom pogo\u0144 za stratami i potencjalne wpadanie w problematyczne schematy gry.<\/p>\n\n\n\n<p>To podej\u015bcie o niskim ryzyku jest odpowiednie dla nowych graczy lub tych, kt\u00f3rzy stawiaj\u0105 warto\u015b\u0107 rozrywkow\u0105 ponad potencja\u0142 zysku. Umo\u017cliwia \u0142agodniejsz\u0105 nauk\u0119 i bardziej zrelaksowane wra\u017cenia z gry.<\/p>\n\n\n\n<div class=\"wp-block-buttons is-content-justification-center is-layout-flex wp-container-core-buttons-is-layout-a89b3969 wp-block-buttons-is-layout-flex\">\n<div class=\"wp-block-button has-custom-width wp-block-button__width-50 has-custom-font-size hvr-grow-shadow has-large-font-size\"><a class=\"wp-block-button__link wp-element-button\" href=\"https:\/\/www.yowillwin.xyz\/c\/e6b0468497a317bc\" style=\"border-radius:0px\">Zagraj w Plinko<\/a><\/div>\n<\/div>\n\n\n\n<h2 class=\"wp-block-heading\">Strategia \u015bredniego ryzyka dla Plinko<\/h2>\n\n\n\n<figure class=\"wp-block-image size-full\"><img loading=\"lazy\" decoding=\"async\" width=\"800\" height=\"600\" src=\"https:\/\/farmingthecity.net\/wp-content\/uploads\/2024\/11\/medium-risk-strategy.jpg\" alt=\"Strategia \u015bredniego ryzyka Plinko\" class=\"wp-image-155\" title=\"Strategia \u015bredniego ryzyka Plinko\" srcset=\"https:\/\/farmingthecity.net\/wp-content\/uploads\/2024\/11\/medium-risk-strategy.jpg 800w, https:\/\/farmingthecity.net\/wp-content\/uploads\/2024\/11\/medium-risk-strategy-300x225.jpg 300w, https:\/\/farmingthecity.net\/wp-content\/uploads\/2024\/11\/medium-risk-strategy-768x576.jpg 768w\" sizes=\"auto, (max-width: 800px) 100vw, 800px\" \/><\/figure>\n\n\n\n<p>Strategia Plinko o \u015brednim ryzyku ma na celu zr\u00f3wnowa\u017cenie potencja\u0142u znacz\u0105cych wygranych z pewn\u0105 doz\u0105 ostro\u017cno\u015bci. Takie podej\u015bcie mo\u017ce obejmowa\u0107:<\/p>\n\n\n\n<ul class=\"wp-block-list\">\n<li>Naprzemienne przemieszczanie si\u0119 pomi\u0119dzy stref\u0105 centraln\u0105 i zewn\u0119trzn\u0105<\/li>\n\n\n\n<li>Stopniowe zwi\u0119kszanie rozmiar\u00f3w zak\u0142ad\u00f3w podczas serii wygranych<\/li>\n\n\n\n<li>Celowanie w mieszank\u0119 umiarkowanych i wysokich mno\u017cnik\u00f3w wyp\u0142at<\/li>\n\n\n\n<li>Wdro\u017cenie systemu stop-loss z pewn\u0105 elastyczno\u015bci\u0105<\/li>\n<\/ul>\n\n\n\n<p>Ta strategia w interesuj\u0105cy spos\u00f3b wsp\u00f3\u0142gra z mechanik\u0105 Plinko:<\/p>\n\n\n\n<p>Zmienne strefy zrzutu tworz\u0105 zr\u00f3\u017cnicowane do\u015bwiadczenie gry, utrzymuj\u0105c gr\u0119 anga\u017cuj\u0105c\u0105, a jednocze\u015bnie pozwalaj\u0105c\u0105 na pewien stopie\u0144 przewidywalno\u015bci. Ta zmienno\u015b\u0107 dobrze odwzorowuje systemy nagr\u00f3d ludzkiego m\u00f3zgu, tworz\u0105c poczucie nowo\u015bci i oczekiwania.<\/p>\n\n\n\n<p>Zwi\u0119kszanie zak\u0142ad\u00f3w podczas serii wygranych ma na celu wykorzystanie postrzeganych \u201egor\u0105cych serii\u201d. Chocia\u017c nie wp\u0142ywa to na podstawowe prawdopodobie\u0144stwa, mo\u017ce zwi\u0119kszy\u0107 psychologiczny dreszczyk emocji zwi\u0105zany ze szcz\u0119\u015bliw\u0105 seri\u0105.<\/p>\n\n\n\n<p>Mieszanie cel\u00f3w wyp\u0142at pozwala graczom do\u015bwiadczy\u0107 zar\u00f3wno sta\u0142ego wzmocnienia mniejszych wygranych, jak i emocji okazjonalnych du\u017cych wyp\u0142at. Tworzy to bardziej dynamiczn\u0105 podr\u00f3\u017c emocjonaln\u0105 przez ca\u0142\u0105 sesj\u0119 gry.<\/p>\n\n\n\n<p>Elastyczny system stop-loss uwzgl\u0119dnia rol\u0119 intuicji i \u201eczucia\u201d w hazardzie, a jednocze\u015bnie stanowi zabezpieczenie na wypadek znacznych strat.<\/p>\n\n\n\n<p>Strategie o \u015brednim ryzyku s\u0105 atrakcyjne dla graczy z pewnym do\u015bwiadczeniem, kt\u00f3rzy dobrze czuj\u0105 si\u0119 z wy\u017csz\u0105 zmienno\u015bci\u0105 w zamian za wi\u0119kszy potencja\u0142 wygranej. Oferuje bardziej dynamiczne do\u015bwiadczenie gry, jednocze\u015bnie zachowuj\u0105c pewne zasady zarz\u0105dzania ryzykiem.<\/p>\n\n\n\n<h2 class=\"wp-block-heading\">Strategia wysokiego ryzyka dla Plinko<\/h2>\n\n\n\n<figure class=\"wp-block-image size-full\"><img loading=\"lazy\" decoding=\"async\" width=\"800\" height=\"600\" src=\"https:\/\/farmingthecity.net\/wp-content\/uploads\/2024\/11\/high-risk-strategy.jpg\" alt=\"Strategia wysokiego ryzyka Plinko\" class=\"wp-image-158\" title=\"Strategia wysokiego ryzyka Plinko\" srcset=\"https:\/\/farmingthecity.net\/wp-content\/uploads\/2024\/11\/high-risk-strategy.jpg 800w, https:\/\/farmingthecity.net\/wp-content\/uploads\/2024\/11\/high-risk-strategy-300x225.jpg 300w, https:\/\/farmingthecity.net\/wp-content\/uploads\/2024\/11\/high-risk-strategy-768x576.jpg 768w\" sizes=\"auto, (max-width: 800px) 100vw, 800px\" \/><\/figure>\n\n\n\n<p>Gra Plinko o wysokim ryzyku ma na celu maksymalizacj\u0119 potencja\u0142u du\u017cych wygranych, akceptuj\u0105c zwi\u0119kszon\u0105 mo\u017cliwo\u015b\u0107 znacznych strat. Elementy tej strategii mog\u0105 obejmowa\u0107:<\/p>\n\n\n\n<ul class=\"wp-block-list\">\n<li>Skupienie si\u0119 na centralnych strefach zrzutu<\/li>\n\n\n\n<li>Wi\u0119ksze rozmiary zak\u0142ad\u00f3w<\/li>\n\n\n\n<li>Celowanie w wysokie i maksymalne mno\u017cniki wyp\u0142at<\/li>\n\n\n\n<li>Minimalne lub \u017cadne limity stop-loss<\/li>\n<\/ul>\n\n\n\n<p>Podej\u015bcie to wsp\u00f3\u0142gra z projektem Plinko na kilka kluczowych sposob\u00f3w:<\/p>\n\n\n\n<p>Centralne strefy zrzutu oferuj\u0105 najwy\u017csze potencjalne wyp\u0142aty, ale tak\u017ce najbardziej nieprzewidywalne wyniki. Maksymalizuje to inherentn\u0105 zmienno\u015b\u0107 gry, tworz\u0105c do\u015bwiadczenie o wysokiej stawce i du\u017cym \u0142adunku emocjonalnym.<\/p>\n\n\n\n<p>Wi\u0119ksze zak\u0142ady wzmacniaj\u0105 zar\u00f3wno wygrane, jak i przegrane, intensyfikuj\u0105c emocjonalny wp\u0142yw ka\u017cdej kropli. Mo\u017ce to stworzy\u0107 bardziej instynktowne, nap\u0119dzane adrenalin\u0105 do\u015bwiadczenie rozgrywki.<\/p>\n\n\n\n<p>Skupienie si\u0119 na wysokich mno\u017cnikach oznacza akceptacj\u0119 d\u0142ugich okres\u00f3w strat w pogoni za du\u017c\u0105 wygran\u0105. To wpisuje si\u0119 w mentalno\u015b\u0107 \u201ejackpota\u201d, gdzie oczekiwanie na potencjalnie du\u017c\u0105 wyp\u0142at\u0119 nap\u0119dza ci\u0105g\u0142e zaanga\u017cowanie.<\/p>\n\n\n\n<p>Minimalne limity stop-loss pozwalaj\u0105 na rozszerzone sekwencje \u201echase\u201d, w kt\u00f3rych gracze mog\u0105 kontynuowa\u0107 gr\u0119 podczas downswing\u00f3w w nadziei na odwr\u00f3cenie sytuacji. Cho\u0107 potencjalnie ekscytuj\u0105ce, niesie to ze sob\u0105 r\u00f3wnie\u017c najwy\u017csze ryzyko problematycznych wzorc\u00f3w gry.<\/p>\n\n\n\n<p>Strategie wysokiego ryzyka s\u0105 najlepsze dla do\u015bwiadczonych graczy z wi\u0119kszymi bankrollami i wysok\u0105 tolerancj\u0105 na zmienno\u015b\u0107. Oferuj\u0105 potencja\u0142 emocjonuj\u0105cych wygranych, ale wymagaj\u0105 ostro\u017cnego zarz\u0105dzania bankrollem i samokontroli, aby unikn\u0105\u0107 nadmiernych strat.<\/p>\n\n\n\n<h2 class=\"wp-block-heading\">Cz\u0119sto zadawane pytania dotycz\u0105ce strategii gry<\/h2>\n\n\n\n<figure class=\"wp-block-image size-full\"><img loading=\"lazy\" decoding=\"async\" width=\"800\" height=\"600\" src=\"https:\/\/farmingthecity.net\/wp-content\/uploads\/2024\/11\/game-strategy-questions.jpg\" alt=\"pytania dotycz\u0105ce strategii gry\" class=\"wp-image-161\" title=\"pytania dotycz\u0105ce strategii gry\" srcset=\"https:\/\/farmingthecity.net\/wp-content\/uploads\/2024\/11\/game-strategy-questions.jpg 800w, https:\/\/farmingthecity.net\/wp-content\/uploads\/2024\/11\/game-strategy-questions-300x225.jpg 300w, https:\/\/farmingthecity.net\/wp-content\/uploads\/2024\/11\/game-strategy-questions-768x576.jpg 768w\" sizes=\"auto, (max-width: 800px) 100vw, 800px\" \/><\/figure>\n\n\n\n<h3 class=\"wp-block-heading\">Jaka jest w\u0142a\u015bciwa strategia dla pocz\u0105tkuj\u0105cych w Plinko?<\/h3>\n\n\n\n<p>Dla pocz\u0105tkuj\u0105cych zaleca si\u0119 zazwyczaj strategi\u0119 niskiego lub \u015bredniego ryzyka. Mo\u017ce to obejmowa\u0107:<\/p>\n\n\n\n<ul class=\"wp-block-list\">\n<li>Zacznij od minimalnego rozmiaru zak\u0142adu, aby pozna\u0107 mechanik\u0119 gry<\/li>\n\n\n\n<li>Skupienie si\u0119 na zewn\u0119trznych strefach zrzutu w celu uzyskania bardziej przewidywalnych wynik\u00f3w<\/li>\n\n\n\n<li>Ustalanie \u015bcis\u0142ych limit\u00f3w czasowych i finansowych na sesje gry<\/li>\n\n\n\n<li>Stopniowo eksploruj r\u00f3\u017cne poziomy ryzyka, w miar\u0119 jak wzrasta komfort gry<\/li>\n<\/ul>\n\n\n\n<p>To podej\u015bcie pozwala nowym graczom do\u015bwiadczy\u0107 podstawowej p\u0119tli rozgrywki i emocjonalnych rytm\u00f3w Plinko bez ryzyka znacznych strat. Stanowi podstaw\u0119 do zrozumienia przestrzeni prawdopodobie\u0144stwa gry i tego, jak r\u00f3\u017cne strategie sprawdzaj\u0105 si\u0119 w praktyce.<\/p>\n\n\n\n<h3 class=\"wp-block-heading\">Czy istnieje strategia gwarantuj\u0105ca wygran\u0105 w Plinko?<\/h3>\n\n\n\n<p>\u017badna strategia nie gwarantuje sta\u0142ych wygranych w Plinko. G\u0142\u00f3wne mechanizmy gry zapewniaj\u0105, \u017ce ka\u017cdy drop jest niezale\u017cnym wydarzeniem o ustalonych prawdopodobie\u0144stwach. Jednak pewne podej\u015bcia mog\u0105 pom\u00f3c w zarz\u0105dzaniu ryzykiem i potencjalnie wyd\u0142u\u017cy\u0107 czas gry:<\/p>\n\n\n\n<ul class=\"wp-block-list\">\n<li>W\u0142a\u015bciwe zarz\u0105dzanie kapita\u0142em<\/li>\n\n\n\n<li>Zrozumienie i poszanowanie przewagi kasyna w grze<\/li>\n\n\n\n<li>Wykorzystanie premii i promocji w celu zwi\u0119kszenia og\u00f3lnej oczekiwanej warto\u015bci<\/li>\n\n\n\n<li>Ustalanie i przestrzeganie wst\u0119pnie zdefiniowanych limit\u00f3w wygranych i przegranych<\/li>\n<\/ul>\n\n\n\n<p>Nale\u017cy pami\u0119ta\u0107, \u017ce Plinko, podobnie jak wszystkie gry kasynowe, jest zaprojektowane z wbudowan\u0105 przewag\u0105 kasyna. Podczas gdy kr\u00f3tkoterminowe wygrane s\u0105 mo\u017cliwe, szanse s\u0105 zawsze na korzy\u015b\u0107 kasyna w d\u0142u\u017cszej perspektywie.<\/p>\n\n\n\n<h3 class=\"wp-block-heading\">Przy jakich wygranych zaleca si\u0119 przerwanie gry?<\/h3>\n\n\n\n<p>Decyzja o zaprzestaniu gry jest bardzo osobista i zale\u017cy od indywidualnych cel\u00f3w i tolerancji ryzyka. Jednak pewne og\u00f3lne wytyczne mog\u0105 pom\u00f3c w podj\u0119ciu tej decyzji:<\/p>\n\n\n\n<ul class=\"wp-block-list\">\n<li>Przed rozpocz\u0119ciem gry ustal cel wygranej, np. zysk w wysoko\u015bci 50% lub 100% na Twoim pocz\u0105tkowym bankrollu<\/li>\n\n\n\n<li>Rozwa\u017c wprowadzenie systemu \u201epodzia\u0142u\u201d, w kt\u00f3rym po\u0142owa ka\u017cdej znacz\u0105cej wygranej jest odk\u0142adana<\/li>\n\n\n\n<li>Nale\u017cy pami\u0119ta\u0107 o koncepcji \u201epowrotu do \u015bredniej\u201d \u2013 d\u0142ugie serie zwyci\u0119stw prawdopodobnie w ko\u0144cu si\u0119 zmieni\u0105<\/li>\n\n\n\n<li>Zwr\u00f3\u0107 uwag\u0119 na sw\u00f3j stan emocjonalny \u2013 je\u015bli gra nie sprawia Ci ju\u017c przyjemno\u015bci, by\u0107 mo\u017ce nadszed\u0142 czas, aby j\u0105 przerwa\u0107<\/li>\n<\/ul>\n\n\n\n<p>Niniejsze wytyczne pomagaj\u0105 opracowa\u0107 ustrukturyzowane podej\u015bcie do zarz\u0105dzania zwyci\u0119stwami, kt\u00f3re pozwoli zachowa\u0107 r\u00f3wnowag\u0119 mi\u0119dzy ch\u0119ci\u0105 wykorzystania szcz\u0119\u015bcia a potrzeb\u0105 ochrony zysk\u00f3w.<\/p>\n\n\n\n<h3 class=\"wp-block-heading\">Jaka jest maksymalna wygrana w Plinko?<\/h3>\n\n\n\n<p>Maksymalna potencjalna wygrana w Plinko r\u00f3\u017cni si\u0119 w zale\u017cno\u015bci od konkretnej implementacji i kasyna. Czynniki wp\u0142ywaj\u0105ce na maksymaln\u0105 wygran\u0105 obejmuj\u0105:<\/p>\n\n\n\n<ul class=\"wp-block-list\">\n<li>Najwy\u017cszy mno\u017cnik dost\u0119pny na planszy Plinko<\/li>\n\n\n\n<li>Maksymalny dozwolony rozmiar zak\u0142adu<\/li>\n\n\n\n<li>Jakiekolwiek limity na\u0142o\u017cone przez kasyno na wygrane pojedyncze lub codzienne<\/li>\n<\/ul>\n\n\n\n<p>Zazwyczaj warianty Plinko o wysokim ryzyku mog\u0105 oferowa\u0107 najwy\u017csze mno\u017cniki 1000x lub wi\u0119cej, co oznacza, \u017ce maksymalny zak\u0142ad mo\u017ce potencjalnie przynie\u015b\u0107 wygran\u0105 1000 razy wi\u0119ksz\u0105 od tej kwoty. Nale\u017cy jednak pami\u0119ta\u0107, \u017ce:<\/p>\n\n\n\n<ul class=\"wp-block-list\">\n<li>Prawdopodobie\u0144stwo trafienia maksymalnego mno\u017cnika jest zazwyczaj bardzo niskie<\/li>\n\n\n\n<li>Kasyna cz\u0119sto ustalaj\u0105 limity wygranych, aby zarz\u0105dza\u0107 ryzykiem<\/li>\n\n\n\n<li>Prawdziw\u0105 \u201emaksymaln\u0105\u201d wygran\u0105 mo\u017cna osi\u0105gn\u0105\u0107 jedynie poprzez po\u0142\u0105czenie wygranych z gry podstawowej i funkcji bonusowych<\/li>\n<\/ul>\n\n\n\n<p>Zrozumienie maksymalnego potencja\u0142u wygranej jest wa\u017cne, aby ustali\u0107 realistyczne oczekiwania i wybra\u0107 odmian\u0119 gry Plinko odpowiadaj\u0105c\u0105 Twoim celom i tolerancji ryzyka.<\/p>\n\n\n\n<p>Podsumowuj\u0105c, strategie Plinko stanowi\u0105 fascynuj\u0105ce po\u0142\u0105czenie teorii prawdopodobie\u0144stwa, zarz\u0105dzania ryzykiem i psychologii gracza. Poprzez zrozumienie i zastosowanie r\u00f3\u017cnych poziom\u00f3w ryzyka gracze mog\u0105 dostosowa\u0107 swoje do\u015bwiadczenie Plinko do swoich preferencji, bud\u017cetu i cel\u00f3w. Jednak kluczowe jest, aby podchodzi\u0107 do ka\u017cdej aktywno\u015bci hazardowej, w tym Plinko, z jasnym zrozumieniem nieod\u0142\u0105cznych ryzyk i zaanga\u017cowaniem w odpowiedzialn\u0105 gr\u0119.<\/p>","protected":false},"excerpt":{"rendered":"<p>Plinko, pomimo pozornej prostoty, oferuje bogate \u015brodowisko do gry strategicznej. G\u0142\u00f3wna mechanika gry \u2013 dysk spadaj\u0105cy przez pole ko\u0142k\u00f3w \u2013 tworzy przestrze\u0144 prawdopodobie\u0144stwa, w kt\u00f3rej gracze mog\u0105 pr\u00f3bowa\u0107 porusza\u0107 si\u0119, stosuj\u0105c r\u00f3\u017cne podej\u015bcia do zarz\u0105dzania ryzykiem. Przyjrzyjmy si\u0119, jak r\u00f3\u017cne poziomy ryzyka mo\u017cna zastosowa\u0107 w rozgrywce Plinko i jakie s\u0105 ich konsekwencje dla ka\u017cdego z nich [\u2026]<\/p>","protected":false},"author":1,"featured_media":0,"parent":0,"menu_order":0,"comment_status":"closed","ping_status":"closed","template":"","meta":{"footnotes":""},"class_list":["post-30","page","type-page","status-publish","hentry"],"yoast_head":"<!-- This site is optimized with the Yoast SEO plugin v23.8 - https:\/\/yoast.com\/wordpress\/plugins\/seo\/ -->\n<title>Plinko Strategies Guide - Low, Medium &amp; High Risk Play<\/title>\n<meta name=\"description\" content=\"Plinko strategies - explore low, medium, and high-risk approaches, learn best practices for beginners, and discover tips for maximizing your winning potential\" \/>\n<meta name=\"robots\" content=\"index, follow, max-snippet:-1, max-image-preview:large, max-video-preview:-1\" \/>\n<link rel=\"canonical\" href=\"https:\/\/farmingthecity.net\/pl\/plinko-strategy\/\" \/>\n<meta property=\"og:locale\" content=\"pl_PL\" \/>\n<meta property=\"og:type\" content=\"article\" \/>\n<meta property=\"og:title\" content=\"Plinko Strategies Guide - Low, Medium &amp; High Risk Play\" \/>\n<meta property=\"og:description\" content=\"Plinko strategies - explore low, medium, and high-risk approaches, learn best practices for beginners, and discover tips for maximizing your winning potential\" \/>\n<meta property=\"og:url\" content=\"https:\/\/farmingthecity.net\/pl\/plinko-strategy\/\" \/>\n<meta property=\"og:site_name\" content=\"Plinko Game\" \/>\n<meta property=\"article:modified_time\" content=\"2025-01-12T20:08:17+00:00\" \/>\n<meta property=\"og:image\" content=\"https:\/\/farmingthecity.net\/wp-content\/uploads\/2024\/11\/low-risk-strategy.jpg\" \/>\n\t<meta property=\"og:image:width\" content=\"800\" \/>\n\t<meta property=\"og:image:height\" content=\"600\" \/>\n\t<meta property=\"og:image:type\" content=\"image\/jpeg\" \/>\n<meta name=\"twitter:card\" content=\"summary_large_image\" \/>\n<meta name=\"twitter:label1\" content=\"Szacowany czas czytania\" \/>\n\t<meta name=\"twitter:data1\" content=\"7 minut\" \/>\n<script type=\"application\/ld+json\" class=\"yoast-schema-graph\">{\"@context\":\"https:\/\/schema.org\",\"@graph\":[{\"@type\":\"WebPage\",\"@id\":\"https:\/\/farmingthecity.net\/plinko-strategy\/\",\"url\":\"https:\/\/farmingthecity.net\/plinko-strategy\/\",\"name\":\"Plinko Strategies Guide - Low, Medium & High Risk Play\",\"isPartOf\":{\"@id\":\"https:\/\/farmingthecity.net\/#website\"},\"primaryImageOfPage\":{\"@id\":\"https:\/\/farmingthecity.net\/plinko-strategy\/#primaryimage\"},\"image\":{\"@id\":\"https:\/\/farmingthecity.net\/plinko-strategy\/#primaryimage\"},\"thumbnailUrl\":\"https:\/\/farmingthecity.net\/wp-content\/uploads\/2024\/11\/low-risk-strategy.jpg\",\"datePublished\":\"2024-10-31T21:14:28+00:00\",\"dateModified\":\"2025-01-12T20:08:17+00:00\",\"description\":\"Plinko strategies - explore low, medium, and high-risk approaches, learn best practices for beginners, and discover tips for maximizing your winning potential\",\"breadcrumb\":{\"@id\":\"https:\/\/farmingthecity.net\/plinko-strategy\/#breadcrumb\"},\"inLanguage\":\"pl-PL\",\"potentialAction\":[{\"@type\":\"ReadAction\",\"target\":[\"https:\/\/farmingthecity.net\/plinko-strategy\/\"]}]},{\"@type\":\"ImageObject\",\"inLanguage\":\"pl-PL\",\"@id\":\"https:\/\/farmingthecity.net\/plinko-strategy\/#primaryimage\",\"url\":\"https:\/\/farmingthecity.net\/wp-content\/uploads\/2024\/11\/low-risk-strategy.jpg\",\"contentUrl\":\"https:\/\/farmingthecity.net\/wp-content\/uploads\/2024\/11\/low-risk-strategy.jpg\"},{\"@type\":\"BreadcrumbList\",\"@id\":\"https:\/\/farmingthecity.net\/plinko-strategy\/#breadcrumb\",\"itemListElement\":[{\"@type\":\"ListItem\",\"position\":1,\"name\":\"Home\",\"item\":\"https:\/\/farmingthecity.net\/\"},{\"@type\":\"ListItem\",\"position\":2,\"name\":\"Low, Medium and High-Risk Strategies in Plinko\"}]},{\"@type\":\"WebSite\",\"@id\":\"https:\/\/farmingthecity.net\/#website\",\"url\":\"https:\/\/farmingthecity.net\/\",\"name\":\"Plinko Game\",\"description\":\"\",\"publisher\":{\"@id\":\"https:\/\/farmingthecity.net\/#organization\"},\"potentialAction\":[{\"@type\":\"SearchAction\",\"target\":{\"@type\":\"EntryPoint\",\"urlTemplate\":\"https:\/\/farmingthecity.net\/?s={search_term_string}\"},\"query-input\":{\"@type\":\"PropertyValueSpecification\",\"valueRequired\":true,\"valueName\":\"search_term_string\"}}],\"inLanguage\":\"pl-PL\"},{\"@type\":\"Organization\",\"@id\":\"https:\/\/farmingthecity.net\/#organization\",\"name\":\"Plinko Game\",\"url\":\"https:\/\/farmingthecity.net\/\",\"logo\":{\"@type\":\"ImageObject\",\"inLanguage\":\"pl-PL\",\"@id\":\"https:\/\/farmingthecity.net\/#\/schema\/logo\/image\/\",\"url\":\"https:\/\/farmingthecity.net\/wp-content\/uploads\/2024\/11\/Plinko-online-game.jpg\",\"contentUrl\":\"https:\/\/farmingthecity.net\/wp-content\/uploads\/2024\/11\/Plinko-online-game.jpg\",\"width\":1280,\"height\":799,\"caption\":\"Plinko Game\"},\"image\":{\"@id\":\"https:\/\/farmingthecity.net\/#\/schema\/logo\/image\/\"}}]}<\/script>\n<!-- \/ Yoast SEO plugin. -->","yoast_head_json":{"title":"Plinko Strategies Guide - Low, Medium & High Risk Play","description":"Plinko strategies - explore low, medium, and high-risk approaches, learn best practices for beginners, and discover tips for maximizing your winning potential","robots":{"index":"index","follow":"follow","max-snippet":"max-snippet:-1","max-image-preview":"max-image-preview:large","max-video-preview":"max-video-preview:-1"},"canonical":"https:\/\/farmingthecity.net\/pl\/plinko-strategy\/","og_locale":"pl_PL","og_type":"article","og_title":"Plinko Strategies Guide - Low, Medium & High Risk Play","og_description":"Plinko strategies - explore low, medium, and high-risk approaches, learn best practices for beginners, and discover tips for maximizing your winning potential","og_url":"https:\/\/farmingthecity.net\/pl\/plinko-strategy\/","og_site_name":"Plinko Game","article_modified_time":"2025-01-12T20:08:17+00:00","og_image":[{"width":800,"height":600,"url":"https:\/\/farmingthecity.net\/wp-content\/uploads\/2024\/11\/low-risk-strategy.jpg","type":"image\/jpeg"}],"twitter_card":"summary_large_image","twitter_misc":{"Szacowany czas czytania":"7 minut"},"schema":{"@context":"https:\/\/schema.org","@graph":[{"@type":"WebPage","@id":"https:\/\/farmingthecity.net\/plinko-strategy\/","url":"https:\/\/farmingthecity.net\/plinko-strategy\/","name":"Plinko Strategies Guide - Low, Medium & High Risk Play","isPartOf":{"@id":"https:\/\/farmingthecity.net\/#website"},"primaryImageOfPage":{"@id":"https:\/\/farmingthecity.net\/plinko-strategy\/#primaryimage"},"image":{"@id":"https:\/\/farmingthecity.net\/plinko-strategy\/#primaryimage"},"thumbnailUrl":"https:\/\/farmingthecity.net\/wp-content\/uploads\/2024\/11\/low-risk-strategy.jpg","datePublished":"2024-10-31T21:14:28+00:00","dateModified":"2025-01-12T20:08:17+00:00","description":"Plinko strategies - explore low, medium, and high-risk approaches, learn best practices for beginners, and discover tips for maximizing your winning potential","breadcrumb":{"@id":"https:\/\/farmingthecity.net\/plinko-strategy\/#breadcrumb"},"inLanguage":"pl-PL","potentialAction":[{"@type":"ReadAction","target":["https:\/\/farmingthecity.net\/plinko-strategy\/"]}]},{"@type":"ImageObject","inLanguage":"pl-PL","@id":"https:\/\/farmingthecity.net\/plinko-strategy\/#primaryimage","url":"https:\/\/farmingthecity.net\/wp-content\/uploads\/2024\/11\/low-risk-strategy.jpg","contentUrl":"https:\/\/farmingthecity.net\/wp-content\/uploads\/2024\/11\/low-risk-strategy.jpg"},{"@type":"BreadcrumbList","@id":"https:\/\/farmingthecity.net\/plinko-strategy\/#breadcrumb","itemListElement":[{"@type":"ListItem","position":1,"name":"Home","item":"https:\/\/farmingthecity.net\/"},{"@type":"ListItem","position":2,"name":"Low, Medium and High-Risk Strategies in Plinko"}]},{"@type":"WebSite","@id":"https:\/\/farmingthecity.net\/#website","url":"https:\/\/farmingthecity.net\/","name":"Plinko Game","description":"","publisher":{"@id":"https:\/\/farmingthecity.net\/#organization"},"potentialAction":[{"@type":"SearchAction","target":{"@type":"EntryPoint","urlTemplate":"https:\/\/farmingthecity.net\/?s={search_term_string}"},"query-input":{"@type":"PropertyValueSpecification","valueRequired":true,"valueName":"search_term_string"}}],"inLanguage":"pl-PL"},{"@type":"Organization","@id":"https:\/\/farmingthecity.net\/#organization","name":"Plinko Game","url":"https:\/\/farmingthecity.net\/","logo":{"@type":"ImageObject","inLanguage":"pl-PL","@id":"https:\/\/farmingthecity.net\/#\/schema\/logo\/image\/","url":"https:\/\/farmingthecity.net\/wp-content\/uploads\/2024\/11\/Plinko-online-game.jpg","contentUrl":"https:\/\/farmingthecity.net\/wp-content\/uploads\/2024\/11\/Plinko-online-game.jpg","width":1280,"height":799,"caption":"Plinko Game"},"image":{"@id":"https:\/\/farmingthecity.net\/#\/schema\/logo\/image\/"}}]}},"_links":{"self":[{"href":"https:\/\/farmingthecity.net\/pl\/wp-json\/wp\/v2\/pages\/30","targetHints":{"allow":["GET"]}}],"collection":[{"href":"https:\/\/farmingthecity.net\/pl\/wp-json\/wp\/v2\/pages"}],"about":[{"href":"https:\/\/farmingthecity.net\/pl\/wp-json\/wp\/v2\/types\/page"}],"author":[{"embeddable":true,"href":"https:\/\/farmingthecity.net\/pl\/wp-json\/wp\/v2\/users\/1"}],"replies":[{"embeddable":true,"href":"https:\/\/farmingthecity.net\/pl\/wp-json\/wp\/v2\/comments?post=30"}],"version-history":[{"count":9,"href":"https:\/\/farmingthecity.net\/pl\/wp-json\/wp\/v2\/pages\/30\/revisions"}],"predecessor-version":[{"id":236,"href":"https:\/\/farmingthecity.net\/pl\/wp-json\/wp\/v2\/pages\/30\/revisions\/236"}],"wp:attachment":[{"href":"https:\/\/farmingthecity.net\/pl\/wp-json\/wp\/v2\/media?parent=30"}],"curies":[{"name":"wp","href":"https:\/\/api.w.org\/{rel}","templated":true}]}}